{"id":103,"date":"2020-07-25T02:33:54","date_gmt":"2020-07-25T05:33:54","guid":{"rendered":"https:\/\/aluguefesta.net.br\/?page_id=103"},"modified":"2026-03-02T19:44:11","modified_gmt":"2026-03-02T22:44:11","slug":"delivery-entrega-e-devolucao","status":"publish","type":"page","link":"https:\/\/aluguefesta.net.br\/index.php\/delivery-entrega-e-devolucao\/","title":{"rendered":"Regras, Delivery, Entrega e Devolu\u00e7\u00e3o"},"content":{"rendered":"\n<p>Se voc\u00ea deseja alugar sem sair de casa : Solicite Entrega e Devolu\u00e7\u00e3o feita por n\u00f3s ! <\/p>\n\n\n\n<p>V\u00e1 em categoria Frete no final do pedido e escolha a modalidade desejada.<\/p>\n\n\n\n<p>Pelo valor fixo a partir de  de R$ 70,00 Total comodidade em locar nossos itens ou mobili\u00e1rio. <\/p>\n\n\n\n<p>Obs.: N\u00e3o Realizamos entregas em locais de risco nem comunidades.<\/p>\n\n\n\n<p><strong><em><mark style=\"background-color:rgba(0, 0, 0, 0)\" class=\"has-inline-color has-vivid-red-color\">Regras Vigentes Atualizadas em 01\/10\/2023<\/mark><\/em><\/strong> :<\/p>\n\n\n\n<ul id=\"shipping_method\">\n<li>PEDIDO DEVE SER ENTREGUE DA FORMA QUE FOI ENVIADO &#8211; EXCETO TECIDOS, DEMAIS ITENS DEVEM SER DEVOLVIDOS LAVADOS ! SUJEITO \u00c0 MULTA DE R$ 320,00 <\/li>\n\n\n\n<li>PRAZO LOCA\u00c7\u00c3O : VALORES EQUIVALEM A 1 DI\u00c1RIA &#8211; 24H \/ EXCETO FERIADO E FINS DE SEMANA &#8211; podendo chegar no prazo m\u00e1ximo de 5 dias corridos.<\/li>\n\n\n\n<li>N\u00c3O DANIFIQUE CAIXAS , PLASTICOS PROTETORES, CAIXAS DE PAPEL\u00c3O (SUJEITO A MULTA DE AVARIA)<\/li>\n\n\n\n<li>1 Fra\u00e7\u00e3o de di\u00e1ria : 50% do valor da loca\u00e7\u00e3o do item por fra\u00e7\u00e3o.<\/li>\n\n\n\n<li>PEDIDO M\u00cdNIMO PARA REALIZA\u00c7\u00c3O DE LOCA\u00c7\u00c3O R$ 65,00 <\/li>\n\n\n\n<li>PEDIDOS MENORES QUE O VALOR M\u00cdNIMO: Ser\u00e1 cobrado valor de Cau\u00e7\u00e3o 5x o valor do item locado, valor do cau\u00e7\u00e3o \u00e9 devolvido imediatamente ap\u00f3s a devolu\u00e7\u00e3o do item sem avarias. <\/li>\n\n\n\n<li>PEDIDOS PARA FORA DO MUNICIPIO SEM DELIVERY : Cau\u00e7\u00e3o de 100% do valor custo dos itens. Valor devolvido ap\u00f3s a devolu\u00e7\u00e3o.<\/li>\n\n\n\n<li>Rio de Janeiro (zona sul, norte, centro, tijuca e Barra) DELIVERY ENTREGA E RETIRADA AGENDADA:\u00a0<strong>R$80,00<\/strong><\/li>\n\n\n\n<li>Retirar no local  <\/li>\n\n\n\n<li>Delivery Gr\u00e1tis (somente centro, zona sul, Tijuca e Barra) ENTREGA E RETIRADA  : <strong>PEDIDOS ACIMA DE R$ 649,00<\/strong> (Exceto MOBILIARIO E TOALHAS)<\/li>\n\n\n\n<li>Entrega e Retirada com Conferidor (para lou\u00e7as e talheres):\u00a0<strong>R$160,00<\/strong> Entrega com Conferidor: A entrega com conferidor da Alugue Festa, consiste em : armazenar, contar e ou embalar os itens bem como conferir item a item em sua integridade, neste caso o cliente apenas lava, disp\u00f5e os itens unidos e o conferidor poder\u00e1 subir ao local embalar, conferir, testar (no caso de eletro) e armazenar os itens.<\/li>\n\n\n\n<li>NITER\u00d3I DELIVERY ENTREGA E RETIRADA AGENDADA:&nbsp;<strong>R$130,00<\/strong><\/li>\n\n\n\n<li>VARGENS &#8211; GUARATIBA &#8211; ILHA GURATIBA : <strong>R$ 150,00<\/strong><\/li>\n\n\n\n<li>DUQUE DE CAXIAS E STA CRUZ DA SERRA DELIVERY ENTREGA E RETIRADA AGENDADA:&nbsp;<strong>R$150,00<\/strong><\/li>\n\n\n\n<li>Eventos com menos de 2 meses entre a data do pedido e a data da retirada da reserva : PAGAMENTO INTEGRAL NO ATO DO PEDIDO. Eventos com 2 meses a frente : Pagar 50% em PIX \/ D\u00c9BITO \/ TED na entrega &#8211; LEMBRANDO QUE A ENTRADA DEVE SER EFETUADA EM PIX QUE SER\u00c1 ENVIADO NA CONFIRMA\u00c7\u00c3O DO PEDIDO (50%)<\/li>\n\n\n\n<li>Pedidos Faturados  15\/30 d.d. : Somente para clientes PJ cadastrados e com pedido ja realizado anteriormente. (Valores acima de R$ 2890,00)<\/li>\n\n\n\n<li>N\u00e3o Temos ShowRoom ou loja f\u00edsica. Cliente poder\u00e1 vir ao escrit\u00f3rio retirar os itens locados ap\u00f3s realizar o *PEDIDO NO SITE*<\/li>\n\n\n\n<li>O pagamento do pedido n\u00e3o \u00e9 obrigat\u00f3rio ao final do pedido , justamente poque o estoque de loca\u00e7\u00e3o \u00e9 FLUTUANTE, *FINALIZE O PEDIDO E AGUARDE O CONTATO DE UM NOSSOS COLABORADORES CONFIRMANDO A DISPONIBILIDADSE DOS ITENS POR WHATSAPP ATRAV\u00c9S DO TELEFONE 21-971601122.<\/li>\n\n\n\n<li>N\u00c3O RECEBEMOS PEDIDOS POR WHATSAPP somente pelo nosso site <a href=\"http:\/\/www.aluguefesta.net.br\">www.aluguefesta.net.br<\/a> .<\/li>\n\n\n\n<li>&nbsp;OR\u00c7AMENTOS por whatsapp\/telefone s\u00e3o desnecess\u00e1rios j\u00e1 que o pre\u00e7o por item, bem como o frete j\u00e1 est\u00e3o no site.<\/li>\n\n\n\n<li>Em caso de mais de uma di\u00e1ria de loca\u00e7\u00e3o (dia \u00fatil exemplo e segunda e ter\u00e7a , devolvendo quarta) calculamos 1 di\u00e1ria e meia por pedido. (Este c\u00e1lculo \u00e9 feito pela equipe de vendas ap\u00f3s o pedido colocado no site).<\/li>\n\n\n\n<li>Para finais de semana : entregamos sexta e retiramos segunda-feira.<\/li>\n\n\n\n<li>Valor m\u00ednimo de Pedido R$ 65,00 em loca\u00e7\u00f5es (sem contar o delivery) Valores menores que 65,00 ser\u00e3o cancelados automaticamente.<\/li>\n\n\n\n<li>N\u00e3o aceitamos CART\u00d5EAS DE CR\u00c9DITO \u2013 PAGAMENTOS VIA PIX , TED OU BOLETO.<\/li>\n\n\n\n<li>Para maiores informa\u00e7\u00f5es, consulte nosso Faq em Regras : <a href=\"https:\/\/aluguefesta.net.br\/index.php\/delivery-entrega-e-devolucao\/\">https:\/\/aluguefesta.net.br\/index.php\/delivery-entrega-e-devolucao\/<\/a><\/li>\n<\/ul>\n","protected":false},"excerpt":{"rendered":"<p>Se voc\u00ea deseja alugar sem sair de casa : Solicite Entrega e Devolu\u00e7\u00e3o feita por n\u00f3s ! V\u00e1 em categoria Frete no final do pedido e escolha a modalidade desejada. Pelo valor fixo a partir de de R$ 70,00 Total comodidade em locar nossos itens ou mobili\u00e1rio. Obs.: N\u00e3o Realizamos entregas em locais de risco [&hellip;]<\/p>\n","protected":false},"author":1,"featured_media":104,"parent":0,"menu_order":0,"comment_status":"closed","ping_status":"closed","template":"","meta":[],"_links":{"self":[{"href":"https:\/\/aluguefesta.net.br\/index.php\/wp-json\/wp\/v2\/pages\/103"}],"collection":[{"href":"https:\/\/aluguefesta.net.br\/index.php\/wp-json\/wp\/v2\/pages"}],"about":[{"href":"https:\/\/aluguefesta.net.br\/index.php\/wp-json\/wp\/v2\/types\/page"}],"author":[{"embeddable":true,"href":"https:\/\/aluguefesta.net.br\/index.php\/wp-json\/wp\/v2\/users\/1"}],"replies":[{"embeddable":true,"href":"https:\/\/aluguefesta.net.br\/index.php\/wp-json\/wp\/v2\/comments?post=103"}],"version-history":[{"count":17,"href":"https:\/\/aluguefesta.net.br\/index.php\/wp-json\/wp\/v2\/pages\/103\/revisions"}],"predecessor-version":[{"id":4296,"href":"https:\/\/aluguefesta.net.br\/index.php\/wp-json\/wp\/v2\/pages\/103\/revisions\/4296"}],"wp:featuredmedia":[{"embeddable":true,"href":"https:\/\/aluguefesta.net.br\/index.php\/wp-json\/wp\/v2\/media\/104"}],"wp:attachment":[{"href":"https:\/\/aluguefesta.net.br\/index.php\/wp-json\/wp\/v2\/media?parent=103"}],"curies":[{"name":"wp","href":"https:\/\/api.w.org\/{rel}","templated":true}]}}