{"id":82,"date":"2020-07-25T00:51:25","date_gmt":"2020-07-25T03:51:25","guid":{"rendered":"https:\/\/aluguefesta.net.br\/?page_id=82"},"modified":"2020-07-25T00:52:40","modified_gmt":"2020-07-25T03:52:40","slug":"servicos-especiais","status":"publish","type":"page","link":"https:\/\/aluguefesta.net.br\/index.php\/servicos-especiais\/","title":{"rendered":"Servi\u00e7os Especiais"},"content":{"rendered":"\n<p>Sabemos de toda dificuldade que encontramos ao produzir um evento, por isso nossa equipe estar\u00e1 sempre \u00e0 Disposi\u00e7\u00e3o de nossos clientes nos servi\u00e7os complementares de :<\/p>\n\n\n\n<ul><li><strong>Montagem e Desmontagem Decora\u00e7\u00e3o<\/strong><\/li><li><strong>Servi\u00e7o de p\u00f3s Evento ( limpeza e manuten\u00e7\u00e3o)<\/strong><\/li><li><strong>Florista<\/strong><\/li><li><strong>Entrega e Devolu\u00e7\u00e3o dos itens locados <\/strong><\/li><li><strong>Embalador de pe\u00e7as <\/strong><\/li><\/ul>\n\n\n\n<p>Uma equipe bem humorada e muito competente, que pode auxiliar voc\u00ea a organizar e realizar seu sonho ou de algum cliente especial. <\/p>\n\n\n\n<p class=\"has-text-align-center\"><em><strong>Consulte os valores de Servi\u00e7o Especial na nossa loja e realize o pagamento junto ao seu pedido. <\/strong><\/em><\/p>\n\n\n\n<div class=\"wp-block-image is-style-rounded\"><figure class=\"aligncenter size-large\"><img decoding=\"async\" loading=\"lazy\" width=\"700\" height=\"467\" src=\"https:\/\/aluguefesta.net.br\/wp-content\/uploads\/2020\/07\/MG_4685.jpg\" alt=\"\" class=\"wp-image-83\" srcset=\"https:\/\/aluguefesta.net.br\/wp-content\/uploads\/2020\/07\/MG_4685.jpg 700w, https:\/\/aluguefesta.net.br\/wp-content\/uploads\/2020\/07\/MG_4685-400x267.jpg 400w, https:\/\/aluguefesta.net.br\/wp-content\/uploads\/2020\/07\/MG_4685-64x43.jpg 64w, https:\/\/aluguefesta.net.br\/wp-content\/uploads\/2020\/07\/MG_4685-300x200.jpg 300w\" sizes=\"(max-width: 700px) 100vw, 700px\" \/><\/figure><\/div>\n","protected":false},"excerpt":{"rendered":"<p>Sabemos de toda dificuldade que encontramos ao produzir um evento, por isso nossa equipe estar\u00e1 sempre \u00e0 Disposi\u00e7\u00e3o de nossos clientes nos servi\u00e7os complementares de : Montagem e Desmontagem Decora\u00e7\u00e3o Servi\u00e7o de p\u00f3s Evento ( limpeza e manuten\u00e7\u00e3o) Florista Entrega e Devolu\u00e7\u00e3o dos itens locados Embalador de pe\u00e7as Uma equipe bem humorada e muito competente, [&hellip;]<\/p>\n","protected":false},"author":1,"featured_media":86,"parent":0,"menu_order":0,"comment_status":"closed","ping_status":"closed","template":"","meta":[],"_links":{"self":[{"href":"https:\/\/aluguefesta.net.br\/index.php\/wp-json\/wp\/v2\/pages\/82"}],"collection":[{"href":"https:\/\/aluguefesta.net.br\/index.php\/wp-json\/wp\/v2\/pages"}],"about":[{"href":"https:\/\/aluguefesta.net.br\/index.php\/wp-json\/wp\/v2\/types\/page"}],"author":[{"embeddable":true,"href":"https:\/\/aluguefesta.net.br\/index.php\/wp-json\/wp\/v2\/users\/1"}],"replies":[{"embeddable":true,"href":"https:\/\/aluguefesta.net.br\/index.php\/wp-json\/wp\/v2\/comments?post=82"}],"version-history":[{"count":1,"href":"https:\/\/aluguefesta.net.br\/index.php\/wp-json\/wp\/v2\/pages\/82\/revisions"}],"predecessor-version":[{"id":85,"href":"https:\/\/aluguefesta.net.br\/index.php\/wp-json\/wp\/v2\/pages\/82\/revisions\/85"}],"wp:featuredmedia":[{"embeddable":true,"href":"https:\/\/aluguefesta.net.br\/index.php\/wp-json\/wp\/v2\/media\/86"}],"wp:attachment":[{"href":"https:\/\/aluguefesta.net.br\/index.php\/wp-json\/wp\/v2\/media?parent=82"}],"curies":[{"name":"wp","href":"https:\/\/api.w.org\/{rel}","templated":true}]}}