{"id":1022,"date":"2020-10-10T05:05:10","date_gmt":"2020-10-10T08:05:10","guid":{"rendered":"https:\/\/aluguefesta.net.br\/?post_type=product&#038;p=1022"},"modified":"2025-11-09T01:54:21","modified_gmt":"2025-11-09T04:54:21","slug":"garrafa-barroca-bico-de-abacaxi-500ml","status":"publish","type":"product","link":"https:\/\/aluguefesta.net.br\/index.php\/produto\/garrafa-barroca-bico-de-abacaxi-500ml\/","title":{"rendered":"Garrafa Barroca Bico de Abacaxi  &#8211; 500ml"},"content":{"rendered":"<p>BARROCO GARRAFA WHISKY<br \/>\n&#8211; Altura 12cm &#8211; Largura 10cm &#8211; Capacidade 500ml<\/p>\n","protected":false},"excerpt":{"rendered":"<p>BARROCO GARRAFA WHISKY<br \/>\nCaracter\u00edsticas do Produto<br \/>\n&#8211; Eleg\u00e2ncia cl\u00e1ssica O alto padr\u00e3o do design e o brilho do vidro conferem sofistica\u00e7\u00e3o ao decanter Barroco. Que tal decorar o ambiente com uma elegante bandeja, o decanter Barroco e alguns copos on the rocks, para aquele drink especial no final do dia?<\/p>\n<p>BARROCO GARRAFA WHISKY<br \/>\n&#8211; Altura 12cm &#8211; Largura 10cm &#8211; Capacidade 500ml<\/p>\n","protected":false},"featured_media":982,"template":"","meta":[],"_links":{"self":[{"href":"https:\/\/aluguefesta.net.br\/index.php\/wp-json\/wp\/v2\/product\/1022"}],"collection":[{"href":"https:\/\/aluguefesta.net.br\/index.php\/wp-json\/wp\/v2\/product"}],"about":[{"href":"https:\/\/aluguefesta.net.br\/index.php\/wp-json\/wp\/v2\/types\/product"}],"wp:featuredmedia":[{"embeddable":true,"href":"https:\/\/aluguefesta.net.br\/index.php\/wp-json\/wp\/v2\/media\/982"}],"wp:attachment":[{"href":"https:\/\/aluguefesta.net.br\/index.php\/wp-json\/wp\/v2\/media?parent=1022"}],"curies":[{"name":"wp","href":"https:\/\/api.w.org\/{rel}","templated":true}]}}