{"id":1025,"date":"2020-10-10T05:12:12","date_gmt":"2020-10-10T08:12:12","guid":{"rendered":"https:\/\/aluguefesta.net.br\/?post_type=product&#038;p=1025"},"modified":"2025-10-30T03:35:56","modified_gmt":"2025-10-30T06:35:56","slug":"prato-suporte-bolo-ou-doce-com-pe-merm-g-rosa-bebe","status":"publish","type":"product","link":"https:\/\/aluguefesta.net.br\/index.php\/produto\/prato-suporte-bolo-ou-doce-com-pe-merm-g-rosa-bebe\/","title":{"rendered":"Prato suporte Bolo ou Doce com p\u00e9 &#8211; Merm G- Rosa Beb\u00ea"},"content":{"rendered":"<p>Linda Pe\u00e7a de Porcelana Rosa Beb\u00ea<\/p>\n<p>Pode ser usada como porta-doces , suporte de bem casados, prato de bolo<\/p>\n<p>Medidas : prato 33cm, 10 de altura<\/p>\n<p>*Pe\u00e7a Exclusiva<\/p>\n","protected":false},"excerpt":{"rendered":"<p>Linda Pe\u00e7a de Porcelana Rosa Beb\u00ea<\/p>\n<p>Pode ser usada como porta-doces , suporte de bem casados, prato de bolo<\/p>\n<p>Medidas : prato 33cm, 10 de altura<\/p>\n<p>*Pe\u00e7a Exclusiva<\/p>\n","protected":false},"featured_media":974,"template":"","meta":[],"_links":{"self":[{"href":"https:\/\/aluguefesta.net.br\/index.php\/wp-json\/wp\/v2\/product\/1025"}],"collection":[{"href":"https:\/\/aluguefesta.net.br\/index.php\/wp-json\/wp\/v2\/product"}],"about":[{"href":"https:\/\/aluguefesta.net.br\/index.php\/wp-json\/wp\/v2\/types\/product"}],"wp:featuredmedia":[{"embeddable":true,"href":"https:\/\/aluguefesta.net.br\/index.php\/wp-json\/wp\/v2\/media\/974"}],"wp:attachment":[{"href":"https:\/\/aluguefesta.net.br\/index.php\/wp-json\/wp\/v2\/media?parent=1025"}],"curies":[{"name":"wp","href":"https:\/\/api.w.org\/{rel}","templated":true}]}}