{"id":1069,"date":"2020-10-11T01:11:54","date_gmt":"2020-10-11T04:11:54","guid":{"rendered":"https:\/\/aluguefesta.net.br\/?post_type=product&#038;p=1069"},"modified":"2025-11-12T16:54:48","modified_gmt":"2025-11-12T19:54:48","slug":"rechaud-vermelho-unitario-6-5l","status":"publish","type":"product","link":"https:\/\/aluguefesta.net.br\/index.php\/produto\/rechaud-vermelho-unitario-6-5l\/","title":{"rendered":"Rechaud Vermelho Unit\u00e1rio 6.5L"},"content":{"rendered":"<p>Rechaud em alum\u00ednio com tampa de vidro temperado, suporte para a panela com descanso para a tampa e queimador a \u00e1lcool.<\/p>\n<p>Ideal para manter os alimentos quentes depois que v\u00e3o para a mesa.<br \/>\n6,5 litros de capacidade, di\u00e2metro de 30,5 cm e altura de 11 cm.<\/p>\n","protected":false},"excerpt":{"rendered":"<p>Rechaud em alum\u00ednio com tampa de vidro temperado, suporte para a panela com descanso para a tampa e queimador a \u00e1lcool.<\/p>\n<p>Ideal para manter os alimentos quentes depois que v\u00e3o para a mesa.<br \/>\n6,5 litros de capacidade, di\u00e2metro de 30,5 cm e altura de 11 cm.<\/p>\n","protected":false},"featured_media":1060,"template":"","meta":[],"_links":{"self":[{"href":"https:\/\/aluguefesta.net.br\/index.php\/wp-json\/wp\/v2\/product\/1069"}],"collection":[{"href":"https:\/\/aluguefesta.net.br\/index.php\/wp-json\/wp\/v2\/product"}],"about":[{"href":"https:\/\/aluguefesta.net.br\/index.php\/wp-json\/wp\/v2\/types\/product"}],"wp:featuredmedia":[{"embeddable":true,"href":"https:\/\/aluguefesta.net.br\/index.php\/wp-json\/wp\/v2\/media\/1060"}],"wp:attachment":[{"href":"https:\/\/aluguefesta.net.br\/index.php\/wp-json\/wp\/v2\/media?parent=1069"}],"curies":[{"name":"wp","href":"https:\/\/api.w.org\/{rel}","templated":true}]}}