{"id":1086,"date":"2020-10-26T04:15:31","date_gmt":"2020-10-26T07:15:31","guid":{"rendered":"https:\/\/aluguefesta.net.br\/?post_type=product&#038;p=1086"},"modified":"2024-12-08T21:02:44","modified_gmt":"2024-12-09T00:02:44","slug":"suqueira-de-vidro-cocacola","status":"publish","type":"product","link":"https:\/\/aluguefesta.net.br\/index.php\/produto\/suqueira-de-vidro-cocacola\/","title":{"rendered":"Suqueira Coca-Cola de vidro 5 litros"},"content":{"rendered":"<p>Produzida em vidro, a suqueira \u00e9 decorada em alto relevo, com torneira e tampa met\u00e1lica. Ideal para decorar mesas, festas e picnics, o acess\u00f3rio possui capacidade para 5L de bebida.<\/p>\n<p><strong>Medidas do Produto:<\/strong><br \/>\nAltura: 26cm<br \/>\nDi\u00e2metro: 20cm<\/p>\n<p>&nbsp;<\/p>\n<p>Apenas 2 pe\u00e7as dispon\u00edveis.<\/p>\n<p>Cau\u00e7\u00e3o de Transporte &#8211; pe\u00e7as exclusivas R$ 100,00<\/p>\n","protected":false},"excerpt":{"rendered":"<p>Produzida em vidro, a suqueira \u00e9 decorada em alto relevo, com torneira e tampa met\u00e1lica. Ideal para decorar mesas, festas e picnics, o acess\u00f3rio possui capacidade para 5L de bebida.<\/p>\n<p><strong>Medidas do Produto:<\/strong><br \/>\nAltura: 26cm<br \/>\nDi\u00e2metro: 20cm<\/p>\n","protected":false},"featured_media":1087,"template":"","meta":[],"_links":{"self":[{"href":"https:\/\/aluguefesta.net.br\/index.php\/wp-json\/wp\/v2\/product\/1086"}],"collection":[{"href":"https:\/\/aluguefesta.net.br\/index.php\/wp-json\/wp\/v2\/product"}],"about":[{"href":"https:\/\/aluguefesta.net.br\/index.php\/wp-json\/wp\/v2\/types\/product"}],"wp:featuredmedia":[{"embeddable":true,"href":"https:\/\/aluguefesta.net.br\/index.php\/wp-json\/wp\/v2\/media\/1087"}],"wp:attachment":[{"href":"https:\/\/aluguefesta.net.br\/index.php\/wp-json\/wp\/v2\/media?parent=1086"}],"curies":[{"name":"wp","href":"https:\/\/api.w.org\/{rel}","templated":true}]}}