{"id":1184,"date":"2020-11-05T03:04:22","date_gmt":"2020-11-05T06:04:22","guid":{"rendered":"https:\/\/aluguefesta.net.br\/?post_type=product&#038;p=1184"},"modified":"2025-06-10T08:10:05","modified_gmt":"2025-06-10T11:10:05","slug":"centro-de-mesa-fruteira-saladeira-geometrico-gg-cristal","status":"publish","type":"product","link":"https:\/\/aluguefesta.net.br\/index.php\/produto\/centro-de-mesa-fruteira-saladeira-geometrico-gg-cristal\/","title":{"rendered":"Centro de Mesa Fruteira Saladeira Geom\u00e9trico &#8211; GG Cristal"},"content":{"rendered":"<p>Bel\u00edssima Pe\u00e7a Centro de mesa &#8211; saladeira Fruteira em Vidro Cristal<\/p>\n<p>Ideal para ser usado em decora\u00e7\u00e3o de mesa de servir &#8211; saladas, refei\u00e7\u00f5es etc ou como porta-doces.<\/p>\n<p>*Pe\u00e7a Exclusiva<\/p>\n","protected":false},"excerpt":{"rendered":"<p>Bel\u00edssima Pe\u00e7a Centro de mesa &#8211; saladeira Fruteira em Vidro Cristal<\/p>\n<p>Ideal para ser usado em decora\u00e7\u00e3o de mesa de servir &#8211; saladas, refei\u00e7\u00f5es etc ou como porta-doces.<\/p>\n<p>*Pe\u00e7a Exclusiva<\/p>\n","protected":false},"featured_media":1154,"template":"","meta":[],"_links":{"self":[{"href":"https:\/\/aluguefesta.net.br\/index.php\/wp-json\/wp\/v2\/product\/1184"}],"collection":[{"href":"https:\/\/aluguefesta.net.br\/index.php\/wp-json\/wp\/v2\/product"}],"about":[{"href":"https:\/\/aluguefesta.net.br\/index.php\/wp-json\/wp\/v2\/types\/product"}],"wp:featuredmedia":[{"embeddable":true,"href":"https:\/\/aluguefesta.net.br\/index.php\/wp-json\/wp\/v2\/media\/1154"}],"wp:attachment":[{"href":"https:\/\/aluguefesta.net.br\/index.php\/wp-json\/wp\/v2\/media?parent=1184"}],"curies":[{"name":"wp","href":"https:\/\/api.w.org\/{rel}","templated":true}]}}