{"id":1185,"date":"2020-11-05T03:06:44","date_gmt":"2020-11-05T06:06:44","guid":{"rendered":"https:\/\/aluguefesta.net.br\/?post_type=product&#038;p=1185"},"modified":"2025-11-03T22:45:10","modified_gmt":"2025-11-04T01:45:10","slug":"prato-suporte-bolo-ou-doce-com-pe-marrocos-g-rosa-antigo","status":"publish","type":"product","link":"https:\/\/aluguefesta.net.br\/index.php\/produto\/prato-suporte-bolo-ou-doce-com-pe-marrocos-g-rosa-antigo\/","title":{"rendered":"Prato suporte Bolo ou Doce com p\u00e9 &#8211; Marrocos G- Rosa antigo"},"content":{"rendered":"<p>Linda Pe\u00e7a de Porcelana Marroquina &#8211; Prato suporte Bolo ou Doce com p\u00e9 &#8211; Marrocos G- Rosa antigo<\/p>\n<p>Pode ser usada como porta-doces , suporte de bem casados, prato de bolo<\/p>\n<p>Medidas : prato 33cm, 06 de altura<\/p>\n<p>*Pe\u00e7a Exclusiva<\/p>\n","protected":false},"excerpt":{"rendered":"<p>Linda Pe\u00e7a de Porcelana Marroquina &#8211; Prato suporte Bolo ou Doce com p\u00e9 &#8211; Marrocos G- Rosa antigo<\/p>\n<p>Pode ser usada como porta-doces , suporte de bem casados, prato de bolo<\/p>\n<p>Medidas : prato 33cm, 06 de altura<\/p>\n<p>*Pe\u00e7a Exclusiva<\/p>\n","protected":false},"featured_media":1163,"template":"","meta":[],"_links":{"self":[{"href":"https:\/\/aluguefesta.net.br\/index.php\/wp-json\/wp\/v2\/product\/1185"}],"collection":[{"href":"https:\/\/aluguefesta.net.br\/index.php\/wp-json\/wp\/v2\/product"}],"about":[{"href":"https:\/\/aluguefesta.net.br\/index.php\/wp-json\/wp\/v2\/types\/product"}],"wp:featuredmedia":[{"embeddable":true,"href":"https:\/\/aluguefesta.net.br\/index.php\/wp-json\/wp\/v2\/media\/1163"}],"wp:attachment":[{"href":"https:\/\/aluguefesta.net.br\/index.php\/wp-json\/wp\/v2\/media?parent=1185"}],"curies":[{"name":"wp","href":"https:\/\/api.w.org\/{rel}","templated":true}]}}