{"id":1187,"date":"2020-11-06T13:54:41","date_gmt":"2020-11-06T16:54:41","guid":{"rendered":"https:\/\/aluguefesta.net.br\/?post_type=product&#038;p=1187"},"modified":"2025-11-07T03:31:13","modified_gmt":"2025-11-07T06:31:13","slug":"mini-bau-madeira-indiano-box","status":"publish","type":"product","link":"https:\/\/aluguefesta.net.br\/index.php\/produto\/mini-bau-madeira-indiano-box\/","title":{"rendered":"Mini Ba\u00fa Madeira Indiano- Box"},"content":{"rendered":"<p>Ba\u00fa de Madeira\u00a0 20x13cm<\/p>\n<p>Madeira Marchetado indiano<\/p>\n<p>Ideal para decora\u00e7\u00e3o r\u00fastica, boho<\/p>\n","protected":false},"excerpt":{"rendered":"<p>Ba\u00fa de Madeira\u00a0 20x13cm<\/p>\n<p>Madeira Marchetado indiano<\/p>\n<p>Ideal para decora\u00e7\u00e3o r\u00fastica, boho<\/p>\n","protected":false},"featured_media":1161,"template":"","meta":[],"_links":{"self":[{"href":"https:\/\/aluguefesta.net.br\/index.php\/wp-json\/wp\/v2\/product\/1187"}],"collection":[{"href":"https:\/\/aluguefesta.net.br\/index.php\/wp-json\/wp\/v2\/product"}],"about":[{"href":"https:\/\/aluguefesta.net.br\/index.php\/wp-json\/wp\/v2\/types\/product"}],"wp:featuredmedia":[{"embeddable":true,"href":"https:\/\/aluguefesta.net.br\/index.php\/wp-json\/wp\/v2\/media\/1161"}],"wp:attachment":[{"href":"https:\/\/aluguefesta.net.br\/index.php\/wp-json\/wp\/v2\/media?parent=1187"}],"curies":[{"name":"wp","href":"https:\/\/api.w.org\/{rel}","templated":true}]}}