{"id":1264,"date":"2022-05-05T13:09:28","date_gmt":"2022-05-05T16:09:28","guid":{"rendered":"https:\/\/aluguefesta.net.br\/?post_type=product&#038;p=1264"},"modified":"2026-01-14T14:18:12","modified_gmt":"2026-01-14T17:18:12","slug":"trio-de-decoracao-garrafinha-reciclado","status":"publish","type":"product","link":"https:\/\/aluguefesta.net.br\/index.php\/produto\/trio-de-decoracao-garrafinha-reciclado\/","title":{"rendered":"Trio de decora\u00e7\u00e3o Garrafinha reciclado"},"content":{"rendered":"<p>Trio de vidros reciclaveis<\/p>\n<p>Valor Refere-se \u00e0 loca\u00e7\u00e3o do TRIO (3 UNIDADES)<\/p>\n<p>Ideal para decora\u00e7\u00e3o, para colocar na mesa convidados, para casamento , XV anos e decora\u00e7\u00f5es em geral.<\/p>\n<p>em vidro<\/p>\n<p>Imagem ilustrativa\u00a0 &#8211; n\u00e3o inclui a chapa tronco<\/p>\n","protected":false},"excerpt":{"rendered":"<p>Trio de vidros reciclaveis<\/p>\n<p>Valor Refere-se \u00e0 loca\u00e7\u00e3o do TRIO (3 UNIDADES)<\/p>\n<p>Ideal para decora\u00e7\u00e3o, para colocar na mesa convidados, para casamento , XV anos e decora\u00e7\u00f5es em geral.<\/p>\n<p>em vidro<\/p>\n","protected":false},"featured_media":1265,"template":"","meta":[],"_links":{"self":[{"href":"https:\/\/aluguefesta.net.br\/index.php\/wp-json\/wp\/v2\/product\/1264"}],"collection":[{"href":"https:\/\/aluguefesta.net.br\/index.php\/wp-json\/wp\/v2\/product"}],"about":[{"href":"https:\/\/aluguefesta.net.br\/index.php\/wp-json\/wp\/v2\/types\/product"}],"wp:featuredmedia":[{"embeddable":true,"href":"https:\/\/aluguefesta.net.br\/index.php\/wp-json\/wp\/v2\/media\/1265"}],"wp:attachment":[{"href":"https:\/\/aluguefesta.net.br\/index.php\/wp-json\/wp\/v2\/media?parent=1264"}],"curies":[{"name":"wp","href":"https:\/\/api.w.org\/{rel}","templated":true}]}}