{"id":1275,"date":"2022-05-24T12:16:53","date_gmt":"2022-05-24T15:16:53","guid":{"rendered":"https:\/\/aluguefesta.net.br\/?post_type=product&#038;p=1275"},"modified":"2024-10-22T11:05:42","modified_gmt":"2024-10-22T14:05:42","slug":"suporte-ferro-3x3-regulavel","status":"publish","type":"product","link":"https:\/\/aluguefesta.net.br\/index.php\/produto\/suporte-ferro-3x3-regulavel\/","title":{"rendered":"Suporte ferro 3&#215;3 regul\u00e1vel"},"content":{"rendered":"<p>suporte de metal regul\u00e1vel<\/p>\n<p>Ideal para Decora\u00e7\u00e3o de Festas e Eventos<\/p>\n<p>composto por 6 pe\u00e7as = 2 p\u00e9s , 2 barras laterais e 1 travess\u00e3o em 2 partes (regulaveis)<\/p>\n<p>INSTALA\u00c7\u00c3O E MONTAGEM n\u00e3o inclusa<\/p>\n<p>FOTO ILUSTRATIVA &#8211; DECORA\u00c7\u00c3O NAO INCLUSA &#8211; PRE\u00c7O REFERE-SE A APENAS O SUPORTE<\/p>\n","protected":false},"excerpt":{"rendered":"<p>suporte de metal regul\u00e1vel<\/p>\n<p>Ideal para Decora\u00e7\u00e3o de Festas e Eventos<\/p>\n<p>composto por 5 pe\u00e7as = 2 p\u00e9s , 2 barras laterais e 1 travess\u00e3o (regulaveis)<\/p>\n<p>INSTALA\u00c7\u00c3O E MONTAGEM n\u00e3o inclusa<\/p>\n<p>FOTO ILUSTRATIVA &#8211; DECORA\u00c7\u00c3O NAO INCLUSA &#8211; PRE\u00c7O REFERE-SE A APENAS O SUPORTE<\/p>\n","protected":false},"featured_media":1276,"template":"","meta":[],"_links":{"self":[{"href":"https:\/\/aluguefesta.net.br\/index.php\/wp-json\/wp\/v2\/product\/1275"}],"collection":[{"href":"https:\/\/aluguefesta.net.br\/index.php\/wp-json\/wp\/v2\/product"}],"about":[{"href":"https:\/\/aluguefesta.net.br\/index.php\/wp-json\/wp\/v2\/types\/product"}],"wp:featuredmedia":[{"embeddable":true,"href":"https:\/\/aluguefesta.net.br\/index.php\/wp-json\/wp\/v2\/media\/1276"}],"wp:attachment":[{"href":"https:\/\/aluguefesta.net.br\/index.php\/wp-json\/wp\/v2\/media?parent=1275"}],"curies":[{"name":"wp","href":"https:\/\/api.w.org\/{rel}","templated":true}]}}