{"id":1278,"date":"2022-05-24T12:32:45","date_gmt":"2022-05-24T15:32:45","guid":{"rendered":"https:\/\/aluguefesta.net.br\/?post_type=product&#038;p=1278"},"modified":"2025-11-07T03:31:03","modified_gmt":"2025-11-07T06:31:03","slug":"caixote-quadrado-g-box-branco","status":"publish","type":"product","link":"https:\/\/aluguefesta.net.br\/index.php\/produto\/caixote-quadrado-g-box-branco\/","title":{"rendered":"Caixote Quadrado G &#8211; Box Branco"},"content":{"rendered":"<p>Caixote na cor branca 30x30cm<\/p>\n<p>Madeira Cor Branco Fosco<\/p>\n<p>Ideal para decora\u00e7\u00e3o r\u00fastica, boho<\/p>\n<p>FOTO ILUSTRATIVA<\/p>\n","protected":false},"excerpt":{"rendered":"<p>Caixote na cor branca 30x30cm<\/p>\n<p>Madeira Cor Branco Fosco<\/p>\n<p>Ideal para decora\u00e7\u00e3o r\u00fastica, boho<\/p>\n<p>FOTO ILUSTRATIVA<\/p>\n","protected":false},"featured_media":558,"template":"","meta":[],"_links":{"self":[{"href":"https:\/\/aluguefesta.net.br\/index.php\/wp-json\/wp\/v2\/product\/1278"}],"collection":[{"href":"https:\/\/aluguefesta.net.br\/index.php\/wp-json\/wp\/v2\/product"}],"about":[{"href":"https:\/\/aluguefesta.net.br\/index.php\/wp-json\/wp\/v2\/types\/product"}],"wp:featuredmedia":[{"embeddable":true,"href":"https:\/\/aluguefesta.net.br\/index.php\/wp-json\/wp\/v2\/media\/558"}],"wp:attachment":[{"href":"https:\/\/aluguefesta.net.br\/index.php\/wp-json\/wp\/v2\/media?parent=1278"}],"curies":[{"name":"wp","href":"https:\/\/api.w.org\/{rel}","templated":true}]}}