{"id":1306,"date":"2022-06-30T15:31:13","date_gmt":"2022-06-30T18:31:13","guid":{"rendered":"https:\/\/aluguefesta.net.br\/?post_type=product&#038;p=1306"},"modified":"2025-10-28T11:26:54","modified_gmt":"2025-10-28T14:26:54","slug":"fogao-eletrico-1-boca-disco-110v-preto","status":"publish","type":"product","link":"https:\/\/aluguefesta.net.br\/index.php\/produto\/fogao-eletrico-1-boca-disco-110v-preto\/","title":{"rendered":"Fog\u00e3o El\u00e9trico 1 Boca Disco 110v preto"},"content":{"rendered":"<h2 class=\"sc-hKwDye dvgId\" data-testid=\"product-detail-label\">Informa\u00e7\u00f5es do Produto<\/h2>\n<p><span class=\"sc-hKwDye dGECku\" data-testid=\"product-detail-title\">Fogao Eletrico 1boca Portatil 1000w\/110v Fix Preto<\/span><\/p>\n<div class=\"sc-jRQBWg idUzab sc-fKeRlk iRKOqW\" data-testid=\"product-detail-description\">\n<div>Fogao Eletrico 01b Portatil 1000w\/110v Fxf06005 &#8211; Fix<br \/>\nInforma\u00e7\u00f5es do produto<br \/>\nCont\u00e9m 1 fog\u00e3o de 1 boca el\u00e9trico com disco<br \/>\nF\u00e1cil de levar para qualquer lugar e pr\u00e1tico para preparar as refei\u00e7\u00f5es<br \/>\nTodos fog\u00f5es com resist\u00eancia el\u00e9trica possuem acendimento autom\u00e1tico<br \/>\nPossui op\u00e7\u00e3o de escolher entre 5 temperaturas:<br \/>\n1 &#8211; 80 oC<br \/>\n2 &#8211; 185 oC<br \/>\n3 &#8211; 290 oC<br \/>\n4 &#8211; 395 oC<br \/>\n5 &#8211; 500 oC<br \/>\nO fog\u00e3o n\u00e3o fica em contato direto com a bancada, junto da embalagem vem 4 suportes de borracha que encaixam na parte de baixo do fog\u00e3o<br \/>\nS\u00f3 pode ser usado com panelas de fundo reto<br \/>\nCaso n\u00e3o seja especificada a cor no momento da compra, ser\u00e1 enviada uma cor aleat\u00f3ria entre as duas<br \/>\nEspecifica\u00e7\u00f5es T\u00e9cnicas:<br \/>\nTomada de 3 pinos<br \/>\nVoltagem: 110 volts<br \/>\nFrequ\u00eancia: 60 Hz<br \/>\nTamanho: 21 x 21 x 7 cm<\/div>\n<\/div>\n","protected":false},"excerpt":{"rendered":"<h2 class=\"sc-hKwDye dvgId\" data-testid=\"product-detail-label\">Informa\u00e7\u00f5es do Produto<\/h2>\n<p><span class=\"sc-hKwDye dGECku\" data-testid=\"product-detail-title\">Fogao Eletrico 1boca Portatil 1000w\/110v Fix Preto<\/span><\/p>\n<div class=\"sc-jRQBWg idUzab sc-fKeRlk iRKOqW\" data-testid=\"product-detail-description\">\n<div>Fogao Eletrico 01b Portatil 1000w\/110v Fxf06005 &#8211; Fix<br \/>\nInforma\u00e7\u00f5es do produto<br \/>\nCont\u00e9m 1 fog\u00e3o de 1 boca el\u00e9trico com disco<br \/>\nF\u00e1cil de levar para qualquer lugar e pr\u00e1tico para preparar as refei\u00e7\u00f5es<br \/>\nTodos fog\u00f5es com resist\u00eancia el\u00e9trica possuem acendimento autom\u00e1tico<br \/>\nPossui op\u00e7\u00e3o de escolher entre 5 temperaturas:<br \/>\n1 &#8211; 80 oC<br \/>\n2 &#8211; 185 oC<br \/>\n3 &#8211; 290 oC<br \/>\n4 &#8211; 395 oC<br \/>\n5 &#8211; 500 oC<br \/>\nO fog\u00e3o n\u00e3o fica em contato direto com a bancada, junto da embalagem vem 4 suportes de borracha que encaixam na parte de baixo do fog\u00e3o<br \/>\nS\u00f3 pode ser usado com panelas de fundo reto<br \/>\nCaso n\u00e3o seja especificada a cor no momento da compra, ser\u00e1 enviada uma cor aleat\u00f3ria entre as duas<br \/>\nEspecifica\u00e7\u00f5es T\u00e9cnicas:<br \/>\nTomada de 3 pinos<br \/>\nVoltagem: 110 volts<br \/>\nFrequ\u00eancia: 60 Hz<br \/>\nTamanho: 21 x 21 x 7 cm<\/div>\n<\/div>\n","protected":false},"featured_media":1305,"template":"","meta":[],"_links":{"self":[{"href":"https:\/\/aluguefesta.net.br\/index.php\/wp-json\/wp\/v2\/product\/1306"}],"collection":[{"href":"https:\/\/aluguefesta.net.br\/index.php\/wp-json\/wp\/v2\/product"}],"about":[{"href":"https:\/\/aluguefesta.net.br\/index.php\/wp-json\/wp\/v2\/types\/product"}],"wp:featuredmedia":[{"embeddable":true,"href":"https:\/\/aluguefesta.net.br\/index.php\/wp-json\/wp\/v2\/media\/1305"}],"wp:attachment":[{"href":"https:\/\/aluguefesta.net.br\/index.php\/wp-json\/wp\/v2\/media?parent=1306"}],"curies":[{"name":"wp","href":"https:\/\/api.w.org\/{rel}","templated":true}]}}