{"id":1307,"date":"2022-06-30T15:39:50","date_gmt":"2022-06-30T18:39:50","guid":{"rendered":"https:\/\/aluguefesta.net.br\/?post_type=product&#038;p=1307"},"modified":"2025-10-09T11:09:43","modified_gmt":"2025-10-09T14:09:43","slug":"mesa-termica-rechaud-110v-preto","status":"publish","type":"product","link":"https:\/\/aluguefesta.net.br\/index.php\/produto\/mesa-termica-rechaud-110v-preto\/","title":{"rendered":"Mesa T\u00e9rmica Rechaud 110v preto"},"content":{"rendered":"<div class=\"title__TitleContainer-sc-1eypgxa-0 dHYpZd\">\n<h2 class=\"title__TitleUI-sc-1eypgxa-1 cZeqMA\">informa\u00e7\u00f5es do produto<\/h2>\n<\/div>\n<div class=\"src__ContentWrapper-sc-162vcai-1 eNAcQX\">\n<div class=\"src__Content-sc-162vcai-2 cxFQiy\">\n<div class=\"src__WrapperProductInfo-sc-13f3i2j-0 dxVsxo\">\n<div class=\"src__Container-sc-13f3i2j-3 eUhMnK\">\n<div class=\"src__Description-sc-13f3i2j-2 bqnMru\">\n<p>Mesa T\u00e9rmica Rechaud El\u00e9trico Vidro Temperado Le Cook 127v<\/p>\n<p>Com um toque profissional e moderno, a Mesa T\u00e9rmica Quente em Vidro Temperado Le Cook mant\u00e9m os alimentos da sua casa, restaurante, buffet ou self-service aquecidos, para que voc\u00ea os deguste com prazer, garantindo a qualidade e sofistica\u00e7\u00e3o at\u00e9 o momento de servir.<\/p>\n<p>Al\u00e9m da eleg\u00e2ncia, a mesa possui um funcionamento el\u00e9trico que direciona o calor direto apenas para a base do recipiente sobreposto na superf\u00edcie, com prote\u00e7\u00e3o de sobreaquecimento por meio de fus\u00edvel e economizador de energia.<\/p>\n<p>Diferente dos tradicionais r\u00e9chauds, a Mesa T\u00e9rmica Quente em Vidro Temperado n\u00e3o necessita de monitoramento constante para garantir o seu desempenho: basta ligar e ajustar a temperatura que desejar para us\u00e1-la! Compat\u00edvel com panelas, frigideiras, ca\u00e7arolas, refrat\u00e1rios, assadeiras ou cubas gn de Inox, com certeza a Mesa T\u00e9rmica Quente em Vidro Temperado \u00e9 uma maneira pr\u00e1tica e sofisticada de apresentar os alimentos quentinhos, prontos para servir.<\/p>\n<p>Vantagens:<br \/>\nA Mesa T\u00e9rmica Quente Le Cook pode ser ligada minutos antes do consumo com ajuste pr\u00e1tico e individual de temperatura, atrav\u00e9s do bot\u00e3o termostato.<\/p>\n<p>Cont\u00e9m p\u00e9s antiderrapantes, superf\u00edcie de vidro temperado com indicador luminoso em seu visor, que acende quando a mesa est\u00e1 em uso, prote\u00e7\u00e3o de sobreaquecimento por meio de fus\u00edvel t\u00e9rmico e economizador de energia.<\/p>\n<p>O design permite a limpeza de forma mais pr\u00e1tica e r\u00e1pida e sua estrutura pode ser adaptada em v\u00e1rios ambientes diferentes!<\/p>\n<p>Ref.: LC1705<br \/>\nMaterial: a\u00e7o inox + vidro temperado<br \/>\nPeso (kg): 4,163<br \/>\nCxLxA: 61 x 44 x 6 cm<br \/>\n\u00c1rea de aquecimento: 52,5 cm x 41 cm<br \/>\nModelo: Sobrepor<br \/>\nTens\u00e3o: 127V(110V) &#8211; 60Hz<br \/>\nPot\u00eancia: 400W<br \/>\nTemperatura: 50\u00b0C a 130\u00b0C<br \/>\nGarantia: 12 meses<br \/>\nMarca: Le Cook<\/p>\n<p>Recomenda\u00e7\u00f5es: Sempre desligue o cabo da Mesa T\u00e9rmica Quente em Vidro Temperado Le Cook da tomada pelo plugue antes de limpar. Evite subst\u00e2ncias inflam\u00e1veis ou abrasivas e utilize um pano \u00famido e detergente neutro para realizar a limpeza da superf\u00edcie.<\/p>\n<p>N\u00e3o \u00e9 recomendado que use em conjunto com recipientes de pl\u00e1stico. E lembre-se que este produto foi desenvolvido para manter a temperatura dos alimentos em pistas quentes e n\u00e3o para o uso de preparo de alimentos.<br \/>\nTodos os produtos acompanham nota fiscal.<\/p>\n<\/div>\n<\/div>\n<\/div>\n<\/div>\n<\/div>\n","protected":false},"excerpt":{"rendered":"<div class=\"title__TitleContainer-sc-1eypgxa-0 dHYpZd\">\n<h2 class=\"title__TitleUI-sc-1eypgxa-1 cZeqMA\">informa\u00e7\u00f5es do produto<\/h2>\n<\/div>\n<div class=\"src__ContentWrapper-sc-162vcai-1 eNAcQX\">\n<div class=\"src__Content-sc-162vcai-2 cxFQiy\">\n<div class=\"src__WrapperProductInfo-sc-13f3i2j-0 dxVsxo\">\n<div class=\"src__Container-sc-13f3i2j-3 eUhMnK\">\n<div class=\"src__Description-sc-13f3i2j-2 bqnMru\">\n<p>Mesa T\u00e9rmica Rechaud El\u00e9trico Vidro Temperado Le Cook 127v<\/p>\n<p>Com um toque profissional e moderno, a Mesa T\u00e9rmica Quente em Vidro Temperado Le Cook mant\u00e9m os alimentos da sua casa, restaurante, buffet ou self-service aquecidos, para que voc\u00ea os deguste com prazer, garantindo a qualidade e sofistica\u00e7\u00e3o at\u00e9 o momento de servir.<\/p>\n<p>Al\u00e9m da eleg\u00e2ncia, a mesa possui um funcionamento el\u00e9trico que direciona o calor direto apenas para a base do recipiente sobreposto na superf\u00edcie, com prote\u00e7\u00e3o de sobreaquecimento por meio de fus\u00edvel e economizador de energia.<\/p>\n<p>Diferente dos tradicionais r\u00e9chauds, a Mesa T\u00e9rmica Quente em Vidro Temperado n\u00e3o necessita de monitoramento constante para garantir o seu desempenho: basta ligar e ajustar a temperatura que desejar para us\u00e1-la! Compat\u00edvel com panelas, frigideiras, ca\u00e7arolas, refrat\u00e1rios, assadeiras ou cubas gn de Inox, com certeza a Mesa T\u00e9rmica Quente em Vidro Temperado \u00e9 uma maneira pr\u00e1tica e sofisticada de apresentar os alimentos quentinhos, prontos para servir.<\/p>\n<p>Vantagens:<br \/>\nA Mesa T\u00e9rmica Quente Le Cook pode ser ligada minutos antes do consumo com ajuste pr\u00e1tico e individual de temperatura, atrav\u00e9s do bot\u00e3o termostato.<\/p>\n<p>Cont\u00e9m p\u00e9s antiderrapantes, superf\u00edcie de vidro temperado com indicador luminoso em seu visor, que acende quando a mesa est\u00e1 em uso, prote\u00e7\u00e3o de sobreaquecimento por meio de fus\u00edvel t\u00e9rmico e economizador de energia.<\/p>\n<p>O design permite a limpeza de forma mais pr\u00e1tica e r\u00e1pida e sua estrutura pode ser adaptada em v\u00e1rios ambientes diferentes!<\/p>\n<p>Ref.: LC1705<br \/>\nMaterial: a\u00e7o inox + vidro temperado<br \/>\nPeso (kg): 4,163<br \/>\nCxLxA: 61 x 44 x 6 cm<br \/>\n\u00c1rea de aquecimento: 52,5 cm x 41 cm<br \/>\nModelo: Sobrepor<br \/>\nTens\u00e3o: 127V(110V) &#8211; 60Hz<br \/>\nPot\u00eancia: 400W<br \/>\nTemperatura: 50\u00b0C a 130\u00b0C<br \/>\nGarantia: 12 meses<br \/>\nMarca: Le Cook<\/p>\n<p>Recomenda\u00e7\u00f5es: Sempre desligue o cabo da Mesa T\u00e9rmica Quente em Vidro Temperado Le Cook da tomada pelo plugue antes de limpar. Evite subst\u00e2ncias inflam\u00e1veis ou abrasivas e utilize um pano \u00famido e detergente neutro para realizar a limpeza da superf\u00edcie.<\/p>\n<p>N\u00e3o \u00e9 recomendado que use em conjunto com recipientes de pl\u00e1stico. E lembre-se que este produto foi desenvolvido para manter a temperatura dos alimentos em pistas quentes e n\u00e3o para o uso de preparo de alimentos.<br \/>\nTodos os produtos acompanham nota fiscal.<\/p>\n<\/div>\n<\/div>\n<\/div>\n<\/div>\n<\/div>\n","protected":false},"featured_media":1309,"template":"","meta":[],"_links":{"self":[{"href":"https:\/\/aluguefesta.net.br\/index.php\/wp-json\/wp\/v2\/product\/1307"}],"collection":[{"href":"https:\/\/aluguefesta.net.br\/index.php\/wp-json\/wp\/v2\/product"}],"about":[{"href":"https:\/\/aluguefesta.net.br\/index.php\/wp-json\/wp\/v2\/types\/product"}],"wp:featuredmedia":[{"embeddable":true,"href":"https:\/\/aluguefesta.net.br\/index.php\/wp-json\/wp\/v2\/media\/1309"}],"wp:attachment":[{"href":"https:\/\/aluguefesta.net.br\/index.php\/wp-json\/wp\/v2\/media?parent=1307"}],"curies":[{"name":"wp","href":"https:\/\/api.w.org\/{rel}","templated":true}]}}