{"id":1311,"date":"2022-06-30T15:47:08","date_gmt":"2022-06-30T18:47:08","guid":{"rendered":"https:\/\/aluguefesta.net.br\/?post_type=product&#038;p=1311"},"modified":"2026-01-14T14:42:12","modified_gmt":"2026-01-14T17:42:12","slug":"rechaud-eletrico-triplo-buffet-aco-24-l-slow-cooker","status":"publish","type":"product","link":"https:\/\/aluguefesta.net.br\/index.php\/produto\/rechaud-eletrico-triplo-buffet-aco-24-l-slow-cooker\/","title":{"rendered":"Rechaud El\u00e9trico Triplo Buffet A\u00e7o 2,4 L Slow Cooker"},"content":{"rendered":"<div class=\"title__TitleContainer-sc-1eypgxa-0 dHYpZd\">\n<h2 class=\"sc-hKwDye dvgId\" data-testid=\"product-detail-label\">Informa\u00e7\u00f5es do Produto<\/h2>\n<h2 class=\"title__TitleUI-sc-1eypgxa-1 cZeqMA\"><span class=\"sc-hKwDye dGECku\" data-testid=\"product-detail-title\">Rechaud El\u00e9trico Triplo Buffet A\u00e7o 2,4 L Slow Cooker 127 Vts<\/span><\/h2>\n<div class=\"sc-jRQBWg idUzab sc-fKeRlk iRKOqW\" data-testid=\"product-detail-description\">\n<div>\n<p>Descri\u00e7\u00e3o<\/p>\n<p>Somos uma Empresa de Importa\u00e7\u00e3o e Exporta\u00e7\u00e3o, trabalhamos somente com produtos Originais, com Garantia e Nota Fiscal.<\/p>\n<p>Triplo Buffet\/ Rechaud com Tampas de Vidro e Colheres &#8211; 3 Temperaturas &#8211; El\u00e9trico<\/p>\n<p>Este campe\u00e3o de cozimento lento permite que voc\u00ea cozinhe at\u00e9 3 pratos separados de uma vez, enquanto mant\u00e9m o alimento quente por horas.<\/p>\n<p>S\u00e3o 4 controles separados com o Bot\u00e3o OFF e 3 ajustes; baixa, alta e quente. Dando-lhe a flexibilidade para cozinhar o que quiser, quando quiser.<\/p>\n<p>Tampas de vidro temperado, panelas de cer\u00e2mica de 2,4L e colheres de servir s\u00e3o lav\u00e1veis para f\u00e1cil limpeza.<\/p>\n<p>Mais seguro e usa menos energia do que um fog\u00e3o.<\/p>\n<p>Misture os ingredientes, defina a temperatura e deixe cozinhar ao seu gosto!<\/p>\n<p>Em pouco tempo voc\u00ea ter\u00e1 3 pratos deliciosos.<\/p>\n<p>Recursos built-in tampa descansa para minimizar a desordem e garantir a seguran\u00e7a de servir<\/p>\n<p>Cozinhe, mantenha quente e sirva 3 pratos.<\/p>\n<p>Este fog\u00e3o lento triplo aumenta sua versatilidade na prepara\u00e7\u00e3o da refei\u00e7\u00e3o e \u00e9 \u00f3timo para qualquer cozinha.<\/p>\n<p>O design traz eleg\u00e2ncia em sua bancada e \u00e9 o anfitri\u00e3o perfeito para qualquer festa, almo\u00e7o ou jantar com amigos.<\/p>\n<p>Informa\u00e7\u00f5es T\u00e9cnicas do produto:<\/p>\n<p>Peso: 11Kg<\/p>\n<p>Marca: Members Mark<\/p>\n<p>DIMENS\u00d5ES:<\/p>\n<p>APARELHO : 68 cm de comprimento x 29 cm de largura x 12 cm de altura<\/p>\n<p>PANELAS: 21 cm de largura x 16 cm de altura.<\/p>\n<\/div>\n<\/div>\n<\/div>\n","protected":false},"excerpt":{"rendered":"<div class=\"title__TitleContainer-sc-1eypgxa-0 dHYpZd\">\n<h2 class=\"sc-hKwDye dvgId\" data-testid=\"product-detail-label\">Informa\u00e7\u00f5es do Produto<\/h2>\n<h2 class=\"title__TitleUI-sc-1eypgxa-1 cZeqMA\"><span class=\"sc-hKwDye dGECku\" data-testid=\"product-detail-title\">Rechaud El\u00e9trico Triplo Buffet A\u00e7o 2,4 L Slow Cooker 127 Vts<\/span><\/h2>\n<div class=\"sc-jRQBWg idUzab sc-fKeRlk iRKOqW\" data-testid=\"product-detail-description\">\n<div>\n<p>Descri\u00e7\u00e3o<\/p>\n<p>Somos uma Empresa de Importa\u00e7\u00e3o e Exporta\u00e7\u00e3o, trabalhamos somente com produtos Originais, com Garantia e Nota Fiscal.<\/p>\n<p>Triplo Buffet\/ Rechaud com Tampas de Vidro e Colheres &#8211; 3 Temperaturas &#8211; El\u00e9trico<\/p>\n<p>Este campe\u00e3o de cozimento lento permite que voc\u00ea cozinhe at\u00e9 3 pratos separados de uma vez, enquanto mant\u00e9m o alimento quente por horas.<\/p>\n<p>S\u00e3o 4 controles separados com o Bot\u00e3o OFF e 3 ajustes; baixa, alta e quente. Dando-lhe a flexibilidade para cozinhar o que quiser, quando quiser.<\/p>\n<p>Tampas de vidro temperado, panelas de cer\u00e2mica de 2,4L e colheres de servir s\u00e3o lav\u00e1veis para f\u00e1cil limpeza.<\/p>\n<p>Mais seguro e usa menos energia do que um fog\u00e3o.<\/p>\n<p>Misture os ingredientes, defina a temperatura e deixe cozinhar ao seu gosto!<\/p>\n<p>Em pouco tempo voc\u00ea ter\u00e1 3 pratos deliciosos.<\/p>\n<p>Recursos built-in tampa descansa para minimizar a desordem e garantir a seguran\u00e7a de servir<\/p>\n<p>Cozinhe, mantenha quente e sirva 3 pratos.<\/p>\n<p>Este fog\u00e3o lento triplo aumenta sua versatilidade na prepara\u00e7\u00e3o da refei\u00e7\u00e3o e \u00e9 \u00f3timo para qualquer cozinha.<\/p>\n<p>O design traz eleg\u00e2ncia em sua bancada e \u00e9 o anfitri\u00e3o perfeito para qualquer festa, almo\u00e7o ou jantar com amigos.<\/p>\n<p>Informa\u00e7\u00f5es T\u00e9cnicas do produto:<\/p>\n<p>Peso: 11Kg<\/p>\n<p>Marca: Members Mark<\/p>\n<p>DIMENS\u00d5ES:<\/p>\n<p>APARELHO : 68 cm de comprimento x 29 cm de largura x 12 cm de altura<\/p>\n<p>PANELAS: 21 cm de largura x 16 cm de altura.<\/p>\n<\/div>\n<\/div>\n<\/div>\n","protected":false},"featured_media":1308,"template":"","meta":[],"_links":{"self":[{"href":"https:\/\/aluguefesta.net.br\/index.php\/wp-json\/wp\/v2\/product\/1311"}],"collection":[{"href":"https:\/\/aluguefesta.net.br\/index.php\/wp-json\/wp\/v2\/product"}],"about":[{"href":"https:\/\/aluguefesta.net.br\/index.php\/wp-json\/wp\/v2\/types\/product"}],"wp:featuredmedia":[{"embeddable":true,"href":"https:\/\/aluguefesta.net.br\/index.php\/wp-json\/wp\/v2\/media\/1308"}],"wp:attachment":[{"href":"https:\/\/aluguefesta.net.br\/index.php\/wp-json\/wp\/v2\/media?parent=1311"}],"curies":[{"name":"wp","href":"https:\/\/api.w.org\/{rel}","templated":true}]}}