{"id":1313,"date":"2022-06-30T16:25:16","date_gmt":"2022-06-30T19:25:16","guid":{"rendered":"https:\/\/aluguefesta.net.br\/?post_type=product&#038;p=1313"},"modified":"2025-12-06T14:01:05","modified_gmt":"2025-12-06T17:01:05","slug":"taca-candy-cristal-300ml-vinho-e-agua","status":"publish","type":"product","link":"https:\/\/aluguefesta.net.br\/index.php\/produto\/taca-candy-cristal-300ml-vinho-e-agua\/","title":{"rendered":"Ta\u00e7a Candy Cristal 330ml Vinho e \u00c1gua"},"content":{"rendered":"<p>Vidro CRISTAL Incolor<\/p>\n<p>IDEAL PARA MESA POSTA<\/p>\n<p>Ta\u00e7a Para Agua Sm Buffet 300ml Especifica\u00e7\u00f5es: Material: Vidro Cor: Transparente Medidas: Altura: 16,1cm Largura: 8,2cm Comprimento: 8,2cm dica De Uso E Preserva\u00e7\u00e3o: &#8211; Para Limpeza, Remova A Sujeira Com Uma Esponja Macia, Tire Todo O Res\u00edduo De Sab\u00e3o E Seque Bem. &#8211; N\u00e3o Utilize Abrasivos Ou Utens\u00edlios Pontiagudos. &#8211; Submeter O Vidro A Mudan\u00e7as Bruscas De Temperatura Pode Causar Choque T\u00e9rmico E Danificar Seu Produto. &#8211; Evite Impactos.<\/p>\n","protected":false},"excerpt":{"rendered":"<p>Vidro CRISTAL Incolor<\/p>\n<p>IDEAL PARA MESA POSTA<\/p>\n<p>Ta\u00e7a Para Agua Sm Buffet 300ml Especifica\u00e7\u00f5es: Material: Vidro Cor: Transparente Medidas: Altura: 16,1cm Largura: 8,2cm Comprimento: 8,2cm dica De Uso E Preserva\u00e7\u00e3o: &#8211; Para Limpeza, Remova A Sujeira Com Uma Esponja Macia, Tire Todo O Res\u00edduo De Sab\u00e3o E Seque Bem. &#8211; N\u00e3o Utilize Abrasivos Ou Utens\u00edlios Pontiagudos. &#8211; Submeter O Vidro A Mudan\u00e7as Bruscas De Temperatura Pode Causar Choque T\u00e9rmico E Danificar Seu Produto. &#8211; Evite Impactos.<\/p>\n","protected":false},"featured_media":1314,"template":"","meta":[],"_links":{"self":[{"href":"https:\/\/aluguefesta.net.br\/index.php\/wp-json\/wp\/v2\/product\/1313"}],"collection":[{"href":"https:\/\/aluguefesta.net.br\/index.php\/wp-json\/wp\/v2\/product"}],"about":[{"href":"https:\/\/aluguefesta.net.br\/index.php\/wp-json\/wp\/v2\/types\/product"}],"wp:featuredmedia":[{"embeddable":true,"href":"https:\/\/aluguefesta.net.br\/index.php\/wp-json\/wp\/v2\/media\/1314"}],"wp:attachment":[{"href":"https:\/\/aluguefesta.net.br\/index.php\/wp-json\/wp\/v2\/media?parent=1313"}],"curies":[{"name":"wp","href":"https:\/\/api.w.org\/{rel}","templated":true}]}}