{"id":1325,"date":"2022-06-30T17:44:34","date_gmt":"2022-06-30T20:44:34","guid":{"rendered":"https:\/\/aluguefesta.net.br\/?post_type=product&#038;p=1325"},"modified":"2025-03-13T14:44:27","modified_gmt":"2025-03-13T17:44:27","slug":"xicara-clean-cafe-sem-pires-63ml","status":"publish","type":"product","link":"https:\/\/aluguefesta.net.br\/index.php\/produto\/xicara-clean-cafe-sem-pires-63ml\/","title":{"rendered":"X\u00edcara Clean Caf\u00e9  sem pires 63ml"},"content":{"rendered":"<p>x\u00edcara de Vidro relevo gr\u00e3os<\/p>\n<p>sem pires<\/p>\n","protected":false},"excerpt":{"rendered":"<p>x\u00edcara de Vidro relevo gr\u00e3os<\/p>\n<p>sem pires<\/p>\n","protected":false},"featured_media":1321,"template":"","meta":[],"_links":{"self":[{"href":"https:\/\/aluguefesta.net.br\/index.php\/wp-json\/wp\/v2\/product\/1325"}],"collection":[{"href":"https:\/\/aluguefesta.net.br\/index.php\/wp-json\/wp\/v2\/product"}],"about":[{"href":"https:\/\/aluguefesta.net.br\/index.php\/wp-json\/wp\/v2\/types\/product"}],"wp:featuredmedia":[{"embeddable":true,"href":"https:\/\/aluguefesta.net.br\/index.php\/wp-json\/wp\/v2\/media\/1321"}],"wp:attachment":[{"href":"https:\/\/aluguefesta.net.br\/index.php\/wp-json\/wp\/v2\/media?parent=1325"}],"curies":[{"name":"wp","href":"https:\/\/api.w.org\/{rel}","templated":true}]}}