{"id":1339,"date":"2022-07-01T20:26:05","date_gmt":"2022-07-01T23:26:05","guid":{"rendered":"https:\/\/aluguefesta.net.br\/?post_type=product&#038;p=1339"},"modified":"2025-12-09T15:27:43","modified_gmt":"2025-12-09T18:27:43","slug":"kit-festa-clean-refeicao","status":"publish","type":"product","link":"https:\/\/aluguefesta.net.br\/index.php\/produto\/kit-festa-clean-refeicao\/","title":{"rendered":"KIT Festa CLEAN &#8211; Refei\u00e7\u00e3o"},"content":{"rendered":"<p>Kit 4 p\u00e7s &#8211; Jantar \/ almo\u00e7o<\/p>\n<p>01 Garfo Inox Premium<\/p>\n<p>01 Faca Inox Premium<\/p>\n<p>01 Prato Cristal Indon\u00e9sio<\/p>\n<p>01 Ta\u00e7a Barroca 250 ml em vidro<\/p>\n","protected":false},"excerpt":{"rendered":"<p>Kit 4 p\u00e7s &#8211; Jantar \/ almo\u00e7o<\/p>\n<p>01 Garfo Inox Premium<\/p>\n<p>01 Faca Inox Premium<\/p>\n<p>01 Prato Cristal Indon\u00e9sio<\/p>\n<p>01 Ta\u00e7a Barroca 250 ml em vidro<\/p>\n","protected":false},"featured_media":1340,"template":"","meta":[],"_links":{"self":[{"href":"https:\/\/aluguefesta.net.br\/index.php\/wp-json\/wp\/v2\/product\/1339"}],"collection":[{"href":"https:\/\/aluguefesta.net.br\/index.php\/wp-json\/wp\/v2\/product"}],"about":[{"href":"https:\/\/aluguefesta.net.br\/index.php\/wp-json\/wp\/v2\/types\/product"}],"wp:featuredmedia":[{"embeddable":true,"href":"https:\/\/aluguefesta.net.br\/index.php\/wp-json\/wp\/v2\/media\/1340"}],"wp:attachment":[{"href":"https:\/\/aluguefesta.net.br\/index.php\/wp-json\/wp\/v2\/media?parent=1339"}],"curies":[{"name":"wp","href":"https:\/\/api.w.org\/{rel}","templated":true}]}}