{"id":1351,"date":"2022-07-16T04:46:35","date_gmt":"2022-07-16T07:46:35","guid":{"rendered":"https:\/\/aluguefesta.net.br\/?post_type=product&#038;p=1351"},"modified":"2026-01-14T14:16:33","modified_gmt":"2026-01-14T17:16:33","slug":"ramequim-mini-concha-cristal","status":"publish","type":"product","link":"https:\/\/aluguefesta.net.br\/index.php\/produto\/ramequim-mini-concha-cristal\/","title":{"rendered":"Ramequim Mini Concha (cristal)"},"content":{"rendered":"<p><span style=\"font-family: Arial;\"><b>Material:<\/b>\u00a0Vidro<\/span><\/p>\n<p><span style=\"font-family: Arial;\"><b>Dimensoes:<\/b>\u00a02x10x9,5cm<\/span><\/p>\n<p>Ideal para servir Finger foods do mar<\/p>\n<p>*APENAS 50 UNIDADES DISPON\u00cdVEIS PARA LOCA\u00c7\u00c3O*<\/p>\n","protected":false},"excerpt":{"rendered":"<p><span style=\"font-family: Arial;\"><b>Material:<\/b>\u00a0Vidro<\/span><\/p>\n<p><span style=\"font-family: Arial;\"><b>Dimensoes:<\/b>\u00a02x10x9,5cm<\/span><\/p>\n<p>Ideal para servir Finger foods do mar<\/p>\n","protected":false},"featured_media":1352,"template":"","meta":[],"_links":{"self":[{"href":"https:\/\/aluguefesta.net.br\/index.php\/wp-json\/wp\/v2\/product\/1351"}],"collection":[{"href":"https:\/\/aluguefesta.net.br\/index.php\/wp-json\/wp\/v2\/product"}],"about":[{"href":"https:\/\/aluguefesta.net.br\/index.php\/wp-json\/wp\/v2\/types\/product"}],"wp:featuredmedia":[{"embeddable":true,"href":"https:\/\/aluguefesta.net.br\/index.php\/wp-json\/wp\/v2\/media\/1352"}],"wp:attachment":[{"href":"https:\/\/aluguefesta.net.br\/index.php\/wp-json\/wp\/v2\/media?parent=1351"}],"curies":[{"name":"wp","href":"https:\/\/api.w.org\/{rel}","templated":true}]}}