{"id":1354,"date":"2022-07-16T04:54:02","date_gmt":"2022-07-16T07:54:02","guid":{"rendered":"https:\/\/aluguefesta.net.br\/?post_type=product&#038;p=1354"},"modified":"2026-01-14T14:09:16","modified_gmt":"2026-01-14T17:09:16","slug":"mini-ramequim-molheira-preto","status":"publish","type":"product","link":"https:\/\/aluguefesta.net.br\/index.php\/produto\/mini-ramequim-molheira-preto\/","title":{"rendered":"Mini Ramequim &#8211; Molheira Preto"},"content":{"rendered":"<p><span style=\"font-family: Arial;\"><b>Material: MELAMINA FOSCA<\/b><\/span><\/p>\n<p><span style=\"font-family: Arial;\"><b>Dimensoes:<\/b> \u00a0TAMANHO APROXIMADO:7,6CM DE \u00d8\u00a0<\/span><\/p>\n<p>Ideal para servir Finger foods<\/p>\n<p>*APENAS 200 UNIDADES DISPON\u00cdVEIS PARA LOCA\u00c7\u00c3O*<\/p>\n","protected":false},"excerpt":{"rendered":"<p><span style=\"font-family: Arial;\"><b>Material: MELAMINA FOSCA<\/b><\/span><\/p>\n<p><span style=\"font-family: Arial;\"><b>Dimensoes:<\/b> \u00a0TAMANHO APROXIMADO:7,6CM DE \u00d8\u00a0<\/span><\/p>\n<p>Ideal para servir Finger foods<\/p>\n<p>*APENAS 200 UNIDADES DISPON\u00cdVEIS PARA LOCA\u00c7\u00c3O*<\/p>\n","protected":false},"featured_media":1355,"template":"","meta":[],"_links":{"self":[{"href":"https:\/\/aluguefesta.net.br\/index.php\/wp-json\/wp\/v2\/product\/1354"}],"collection":[{"href":"https:\/\/aluguefesta.net.br\/index.php\/wp-json\/wp\/v2\/product"}],"about":[{"href":"https:\/\/aluguefesta.net.br\/index.php\/wp-json\/wp\/v2\/types\/product"}],"wp:featuredmedia":[{"embeddable":true,"href":"https:\/\/aluguefesta.net.br\/index.php\/wp-json\/wp\/v2\/media\/1355"}],"wp:attachment":[{"href":"https:\/\/aluguefesta.net.br\/index.php\/wp-json\/wp\/v2\/media?parent=1354"}],"curies":[{"name":"wp","href":"https:\/\/api.w.org\/{rel}","templated":true}]}}