{"id":1359,"date":"2022-07-21T01:26:05","date_gmt":"2022-07-21T04:26:05","guid":{"rendered":"https:\/\/aluguefesta.net.br\/?post_type=product&#038;p=1359"},"modified":"2026-01-14T14:18:51","modified_gmt":"2026-01-14T17:18:51","slug":"ramequim-luxo-mini-prato-raso-finger-food-cristal-egipcio","status":"publish","type":"product","link":"https:\/\/aluguefesta.net.br\/index.php\/produto\/ramequim-luxo-mini-prato-raso-finger-food-cristal-egipcio\/","title":{"rendered":"Ramequim Luxo Mini Prato Raso Finger Food (cristal) Eg\u00edpcio"},"content":{"rendered":"<p><span style=\"font-family: Arial;\"><b>Material:<\/b>\u00a0Vidro<\/span><\/p>\n<p><span style=\"font-family: Arial;\"><b>Dimensoes:<\/b> 12cm\u00a0<\/span><\/p>\n<p>Ideal para servir Finger foods e bolo<\/p>\n<p>*APENAS 50 UNIDADES DISPON\u00cdVEIS PARA LOCA\u00c7\u00c3O*<\/p>\n<p>Origem : Egito<\/p>\n","protected":false},"excerpt":{"rendered":"<p><span style=\"font-family: Arial;\"><b>Material:<\/b>\u00a0Vidro<\/span><\/p>\n<p><span style=\"font-family: Arial;\"><b>Dimensoes:<\/b> 12cm\u00a0<\/span><\/p>\n<p>Ideal para servir Finger foods e bolo<\/p>\n<p>*APENAS 50 UNIDADES DISPON\u00cdVEIS PARA LOCA\u00c7\u00c3O*<\/p>\n<p>Origem : Egito<\/p>\n","protected":false},"featured_media":1360,"template":"","meta":[],"_links":{"self":[{"href":"https:\/\/aluguefesta.net.br\/index.php\/wp-json\/wp\/v2\/product\/1359"}],"collection":[{"href":"https:\/\/aluguefesta.net.br\/index.php\/wp-json\/wp\/v2\/product"}],"about":[{"href":"https:\/\/aluguefesta.net.br\/index.php\/wp-json\/wp\/v2\/types\/product"}],"wp:featuredmedia":[{"embeddable":true,"href":"https:\/\/aluguefesta.net.br\/index.php\/wp-json\/wp\/v2\/media\/1360"}],"wp:attachment":[{"href":"https:\/\/aluguefesta.net.br\/index.php\/wp-json\/wp\/v2\/media?parent=1359"}],"curies":[{"name":"wp","href":"https:\/\/api.w.org\/{rel}","templated":true}]}}