{"id":1361,"date":"2022-07-21T01:30:49","date_gmt":"2022-07-21T04:30:49","guid":{"rendered":"https:\/\/aluguefesta.net.br\/?post_type=product&#038;p=1361"},"modified":"2025-12-19T10:32:44","modified_gmt":"2025-12-19T13:32:44","slug":"ramequim-luxo-mini-prato-concavo-finger-food-cristal-egipcio","status":"publish","type":"product","link":"https:\/\/aluguefesta.net.br\/index.php\/produto\/ramequim-luxo-mini-prato-concavo-finger-food-cristal-egipcio\/","title":{"rendered":"Ramequim Luxo Mini Prato C\u00f4ncavo Finger Food (cristal) Eg\u00edpcio"},"content":{"rendered":"<p><span style=\"font-family: Arial;\"><b>Material:<\/b>\u00a0Vidro<\/span><\/p>\n<p><span style=\"font-family: Arial;\"><b>Dimensoes:<\/b> 12cm\u00a0<\/span><\/p>\n<p>Ideal para servir Finger foods e bolo<\/p>\n<p>*APENAS 100 UNIDADES DISPON\u00cdVEIS PARA LOCA\u00c7\u00c3O*<\/p>\n<p>Origem : Egito<\/p>\n","protected":false},"excerpt":{"rendered":"<p><span style=\"font-family: Arial;\"><b>Material:<\/b>\u00a0Vidro<\/span><\/p>\n<p><span style=\"font-family: Arial;\"><b>Dimensoes:<\/b> 12cm\u00a0<\/span><\/p>\n<p>Ideal para servir Finger foods e bolo<\/p>\n<p>*APENAS 100 UNIDADES DISPON\u00cdVEIS PARA LOCA\u00c7\u00c3O*<\/p>\n<p>Origem : Egito<\/p>\n","protected":false},"featured_media":1362,"template":"","meta":[],"_links":{"self":[{"href":"https:\/\/aluguefesta.net.br\/index.php\/wp-json\/wp\/v2\/product\/1361"}],"collection":[{"href":"https:\/\/aluguefesta.net.br\/index.php\/wp-json\/wp\/v2\/product"}],"about":[{"href":"https:\/\/aluguefesta.net.br\/index.php\/wp-json\/wp\/v2\/types\/product"}],"wp:featuredmedia":[{"embeddable":true,"href":"https:\/\/aluguefesta.net.br\/index.php\/wp-json\/wp\/v2\/media\/1362"}],"wp:attachment":[{"href":"https:\/\/aluguefesta.net.br\/index.php\/wp-json\/wp\/v2\/media?parent=1361"}],"curies":[{"name":"wp","href":"https:\/\/api.w.org\/{rel}","templated":true}]}}