{"id":1398,"date":"2022-09-13T22:06:56","date_gmt":"2022-09-14T01:06:56","guid":{"rendered":"https:\/\/aluguefesta.net.br\/?post_type=product&#038;p=1398"},"modified":"2025-08-14T15:14:11","modified_gmt":"2025-08-14T18:14:11","slug":"kit-4-pecas-prato-sobremesa-faca-sobremesa-garfo-sobremesa-copo-barroco","status":"publish","type":"product","link":"https:\/\/aluguefesta.net.br\/index.php\/produto\/kit-4-pecas-prato-sobremesa-faca-sobremesa-garfo-sobremesa-copo-barroco\/","title":{"rendered":"KIT 4 PE\u00c7AS : Prato de mesa + Faca de mesa + Garfo de mesa + Copo Barroco"},"content":{"rendered":"<p>KIT 04 PE\u00c7AS REFEI\u00c7\u00c3O<\/p>\n<p>Prato Raso LUNA AQUA em Vidro 23CM<\/p>\n<p>Garfo de mesa Inox<\/p>\n<p>Faca de mesa Inox<\/p>\n<p>Copo Barroco em Vidro<\/p>\n<p>Ideal para :\u00a0 : almo\u00e7o\/jantar\/churrasco<\/p>\n","protected":false},"excerpt":{"rendered":"<p>KIT 04 PE\u00c7AS REFEI\u00c7\u00c3O Prato Raso LUNA AQUA em Vidro 23CM Garfo de mesa Inox Faca de mesa Inox Copo Barroco em Vidro Ideal para :\u00a0 : almo\u00e7o\/jantar\/churrasco<\/p>\n","protected":false},"featured_media":1403,"template":"","meta":[],"_links":{"self":[{"href":"https:\/\/aluguefesta.net.br\/index.php\/wp-json\/wp\/v2\/product\/1398"}],"collection":[{"href":"https:\/\/aluguefesta.net.br\/index.php\/wp-json\/wp\/v2\/product"}],"about":[{"href":"https:\/\/aluguefesta.net.br\/index.php\/wp-json\/wp\/v2\/types\/product"}],"wp:featuredmedia":[{"embeddable":true,"href":"https:\/\/aluguefesta.net.br\/index.php\/wp-json\/wp\/v2\/media\/1403"}],"wp:attachment":[{"href":"https:\/\/aluguefesta.net.br\/index.php\/wp-json\/wp\/v2\/media?parent=1398"}],"curies":[{"name":"wp","href":"https:\/\/api.w.org\/{rel}","templated":true}]}}