{"id":1408,"date":"2022-09-29T15:13:44","date_gmt":"2022-09-29T18:13:44","guid":{"rendered":"https:\/\/aluguefesta.net.br\/?post_type=product&#038;p=1408"},"modified":"2025-10-30T04:09:43","modified_gmt":"2025-10-30T07:09:43","slug":"vaso-solitario-com-base-m-2","status":"publish","type":"product","link":"https:\/\/aluguefesta.net.br\/index.php\/produto\/vaso-solitario-com-base-m-2\/","title":{"rendered":"Vaso Solit\u00e1rio com base qd- M"},"content":{"rendered":"<p>Vaso de vidro<\/p>\n<p>Medida 15cm<\/p>\n<p>Lindo vaso de vidro, medindo 15 cm, indicado para decora\u00e7\u00e3o, para v\u00e1rios tipos de ornamenta\u00e7\u00f5es.<\/p>\n","protected":false},"excerpt":{"rendered":"<p>Vaso de vidro<\/p>\n<p>Medida 24 cm<\/p>\n<p>Lindo vaso de vidro, medindo 24 cm, indicado para decora\u00e7\u00e3o, para v\u00e1rios tipos de ornamenta\u00e7\u00f5es.<\/p>\n","protected":false},"featured_media":3473,"template":"","meta":[],"_links":{"self":[{"href":"https:\/\/aluguefesta.net.br\/index.php\/wp-json\/wp\/v2\/product\/1408"}],"collection":[{"href":"https:\/\/aluguefesta.net.br\/index.php\/wp-json\/wp\/v2\/product"}],"about":[{"href":"https:\/\/aluguefesta.net.br\/index.php\/wp-json\/wp\/v2\/types\/product"}],"wp:featuredmedia":[{"embeddable":true,"href":"https:\/\/aluguefesta.net.br\/index.php\/wp-json\/wp\/v2\/media\/3473"}],"wp:attachment":[{"href":"https:\/\/aluguefesta.net.br\/index.php\/wp-json\/wp\/v2\/media?parent=1408"}],"curies":[{"name":"wp","href":"https:\/\/api.w.org\/{rel}","templated":true}]}}