{"id":1460,"date":"2023-02-16T11:55:06","date_gmt":"2023-02-16T14:55:06","guid":{"rendered":"https:\/\/aluguefesta.net.br\/?post_type=product&#038;p=1460"},"modified":"2025-10-09T11:11:40","modified_gmt":"2025-10-09T14:11:40","slug":"fritadeira-220v-alugar","status":"publish","type":"product","link":"https:\/\/aluguefesta.net.br\/index.php\/produto\/fritadeira-220v-alugar\/","title":{"rendered":"Fritadeira El\u00e9trica Fort Watts 1cuba 5l Inox 220v"},"content":{"rendered":"<div class=\"title__TitleContainer-sc-1eypgxa-0 dHYpZd\">\n<h2 class=\"title__TitleUI-sc-1eypgxa-1 cZeqMA\">informa\u00e7\u00f5es do produto<\/h2>\n<\/div>\n<div class=\"src__ContentWrapper-sc-162vcai-1 eNAcQX\">\n<div class=\"src__Content-sc-162vcai-2 cxFQiy\">\n<div class=\"src__WrapperProductInfo-sc-13f3i2j-0 dxVsxo\">\n<div class=\"src__Container-sc-13f3i2j-3 eUhMnK\">\n<div class=\"src__Description-sc-13f3i2j-2 bqnMru\">\n<p>\u00a0Cuba em a\u00e7o inox<br \/>\n\u2022 Gabinete e caixa de liga\u00e7\u00e3o em a\u00e7o inox<br \/>\n\u2022 Termostato com regulagem de 50\u00ba C a 300\u00ba C<br \/>\n\u2022 Cesto em arame estanhado mais resistente e f\u00e1cil de limpar<br \/>\n\u2022 P\u00e9s antiderrapante em borracha<br \/>\n\u2022 Cesto, resist\u00eancia e cubas remov\u00edveis para facilitar a limpeza.<br \/>\nCapacidade de alimentos: 1 k a 1,5 k<br \/>\n\u2022 Potencia 3000w<\/p>\n<p>Peso aproximado do produto: 3 kg.<br \/>\nPeso aproximado com embalagem: 3,2 kg.<\/p>\n<p>Dimens\u00f5es aproximado do produto (C x L x A): 27 x 40 x 30 cm<br \/>\nDimens\u00f5es aproximado do cesto de fritura (C x L x A): 24 x 17 x 9 cm<br \/>\nTamanho do cord\u00e3o de liga\u00e7\u00e3o: 80 cm<\/p>\n<\/div>\n<\/div>\n<\/div>\n<\/div>\n<\/div>\n","protected":false},"excerpt":{"rendered":"<div class=\"title__TitleContainer-sc-1eypgxa-0 dHYpZd\">\n<h2 class=\"title__TitleUI-sc-1eypgxa-1 cZeqMA\">informa\u00e7\u00f5es do produto<\/h2>\n<\/div>\n<div class=\"src__ContentWrapper-sc-162vcai-1 eNAcQX\">\n<div class=\"src__Content-sc-162vcai-2 cxFQiy\">\n<div class=\"src__WrapperProductInfo-sc-13f3i2j-0 dxVsxo\">\n<div class=\"src__Container-sc-13f3i2j-3 eUhMnK\">\n<div class=\"src__Description-sc-13f3i2j-2 bqnMru\">\n<p>\u00a0Cuba em a\u00e7o inox<br \/>\n\u2022 Gabinete e caixa de liga\u00e7\u00e3o em a\u00e7o inox<br \/>\n\u2022 Termostato com regulagem de 50\u00ba C a 300\u00ba C<br \/>\n\u2022 Cesto em arame estanhado mais resistente e f\u00e1cil de limpar<br \/>\n\u2022 P\u00e9s antiderrapante em borracha<br \/>\n\u2022 Cesto, resist\u00eancia e cubas remov\u00edveis para facilitar a limpeza.<br \/>\nCapacidade de alimentos: 1 k a 1,5 k<br \/>\n\u2022 Potencia 3000w<\/p>\n<p>&nbsp;<\/p>\n<\/div>\n<\/div>\n<\/div>\n<\/div>\n<\/div>\n","protected":false},"featured_media":1461,"template":"","meta":[],"_links":{"self":[{"href":"https:\/\/aluguefesta.net.br\/index.php\/wp-json\/wp\/v2\/product\/1460"}],"collection":[{"href":"https:\/\/aluguefesta.net.br\/index.php\/wp-json\/wp\/v2\/product"}],"about":[{"href":"https:\/\/aluguefesta.net.br\/index.php\/wp-json\/wp\/v2\/types\/product"}],"wp:featuredmedia":[{"embeddable":true,"href":"https:\/\/aluguefesta.net.br\/index.php\/wp-json\/wp\/v2\/media\/1461"}],"wp:attachment":[{"href":"https:\/\/aluguefesta.net.br\/index.php\/wp-json\/wp\/v2\/media?parent=1460"}],"curies":[{"name":"wp","href":"https:\/\/api.w.org\/{rel}","templated":true}]}}