{"id":1469,"date":"2023-02-16T12:53:54","date_gmt":"2023-02-16T15:53:54","guid":{"rendered":"https:\/\/aluguefesta.net.br\/?post_type=product&#038;p=1469"},"modified":"2025-10-09T11:11:15","modified_gmt":"2025-10-09T14:11:15","slug":"micro-ondas-philco-pmo28-espelhado-28l-220v","status":"publish","type":"product","link":"https:\/\/aluguefesta.net.br\/index.php\/produto\/micro-ondas-philco-pmo28-espelhado-28l-220v\/","title":{"rendered":"Micro-ondas Philco PMO28 Espelhado 28L 220V"},"content":{"rendered":"<h2 class=\"sc-hKwDye dvgId\" data-testid=\"product-detail-label\">Informa\u00e7\u00f5es do Produto voltagem 220V<\/h2>\n<ul class=\"ui-vpp-highlighted-specs__features-list\">\n<li class=\"ui-vpp-highlighted-specs__features-list-item ui-pdp-color--BLACK ui-pdp-size--XSMALL ui-pdp-family--REGULAR\">Pot\u00eancia de 1400w.<\/li>\n<li class=\"ui-vpp-highlighted-specs__features-list-item ui-pdp-color--BLACK ui-pdp-size--XSMALL ui-pdp-family--REGULAR\">Display digital.<\/li>\n<li class=\"ui-vpp-highlighted-specs__features-list-item ui-pdp-color--BLACK ui-pdp-size--XSMALL ui-pdp-family--REGULAR\">Dimens\u00f5es: 48.5cm de largura, 28cm de altura, 38.5cm de profundidade.<\/li>\n<li class=\"ui-vpp-highlighted-specs__features-list-item ui-pdp-color--BLACK ui-pdp-size--XSMALL ui-pdp-family--REGULAR\">Possui bloqueio de seguran\u00e7a.<\/li>\n<li class=\"ui-vpp-highlighted-specs__features-list-item ui-pdp-color--BLACK ui-pdp-size--XSMALL ui-pdp-family--REGULAR\">Com descongelamento autom\u00e1tico por peso.<\/li>\n<li class=\"ui-vpp-highlighted-specs__features-list-item ui-pdp-color--BLACK ui-pdp-size--XSMALL ui-pdp-family--REGULAR\">Possui luz no interior.<\/li>\n<li class=\"ui-vpp-highlighted-specs__features-list-item ui-pdp-color--BLACK ui-pdp-size--XSMALL ui-pdp-family--REGULAR\">Com porta espelhada.<\/li>\n<li class=\"ui-vpp-highlighted-specs__features-list-item ui-pdp-color--BLACK ui-pdp-size--XSMALL ui-pdp-family--REGULAR\">Sua efici\u00eancia energ\u00e9tica \u00e9 de A.<\/li>\n<li class=\"ui-vpp-highlighted-specs__features-list-item ui-pdp-color--BLACK ui-pdp-size--XSMALL ui-pdp-family--REGULAR\">Encontre nos seus 6 programas a fun\u00e7\u00e3o indicada para \u00e1s suas comidas.<\/li>\n<\/ul>\n","protected":false},"excerpt":{"rendered":"<h2 class=\"sc-hKwDye dvgId\" data-testid=\"product-detail-label\">Informa\u00e7\u00f5es do Produto<\/h2>\n<h2 class=\"sc-hKwDye dvgId\" data-testid=\"product-detail-label\">voltagem 220V<\/h2>\n<ul class=\"ui-vpp-highlighted-specs__features-list\">\n<li class=\"ui-vpp-highlighted-specs__features-list-item ui-pdp-color--BLACK ui-pdp-size--XSMALL ui-pdp-family--REGULAR\">Pot\u00eancia de 1400w.<\/li>\n<li class=\"ui-vpp-highlighted-specs__features-list-item ui-pdp-color--BLACK ui-pdp-size--XSMALL ui-pdp-family--REGULAR\">Display digital.<\/li>\n<li class=\"ui-vpp-highlighted-specs__features-list-item ui-pdp-color--BLACK ui-pdp-size--XSMALL ui-pdp-family--REGULAR\">Dimens\u00f5es: 48.5cm de largura, 28cm de altura, 38.5cm de profundidade.<\/li>\n<li class=\"ui-vpp-highlighted-specs__features-list-item ui-pdp-color--BLACK ui-pdp-size--XSMALL ui-pdp-family--REGULAR\">Possui bloqueio de seguran\u00e7a.<\/li>\n<li class=\"ui-vpp-highlighted-specs__features-list-item ui-pdp-color--BLACK ui-pdp-size--XSMALL ui-pdp-family--REGULAR\">Com descongelamento autom\u00e1tico por peso.<\/li>\n<li class=\"ui-vpp-highlighted-specs__features-list-item ui-pdp-color--BLACK ui-pdp-size--XSMALL ui-pdp-family--REGULAR\">Possui luz no interior.<\/li>\n<li class=\"ui-vpp-highlighted-specs__features-list-item ui-pdp-color--BLACK ui-pdp-size--XSMALL ui-pdp-family--REGULAR\">Com porta espelhada.<\/li>\n<li class=\"ui-vpp-highlighted-specs__features-list-item ui-pdp-color--BLACK ui-pdp-size--XSMALL ui-pdp-family--REGULAR\">Sua efici\u00eancia energ\u00e9tica \u00e9 de A.<\/li>\n<li class=\"ui-vpp-highlighted-specs__features-list-item ui-pdp-color--BLACK ui-pdp-size--XSMALL ui-pdp-family--REGULAR\">Encontre nos seus 6 programas a fun\u00e7\u00e3o indicada para \u00e1s suas comidas.<\/li>\n<\/ul>\n","protected":false},"featured_media":1470,"template":"","meta":[],"_links":{"self":[{"href":"https:\/\/aluguefesta.net.br\/index.php\/wp-json\/wp\/v2\/product\/1469"}],"collection":[{"href":"https:\/\/aluguefesta.net.br\/index.php\/wp-json\/wp\/v2\/product"}],"about":[{"href":"https:\/\/aluguefesta.net.br\/index.php\/wp-json\/wp\/v2\/types\/product"}],"wp:featuredmedia":[{"embeddable":true,"href":"https:\/\/aluguefesta.net.br\/index.php\/wp-json\/wp\/v2\/media\/1470"}],"wp:attachment":[{"href":"https:\/\/aluguefesta.net.br\/index.php\/wp-json\/wp\/v2\/media?parent=1469"}],"curies":[{"name":"wp","href":"https:\/\/api.w.org\/{rel}","templated":true}]}}