{"id":148,"date":"2020-07-25T21:03:06","date_gmt":"2020-07-26T00:03:06","guid":{"rendered":"https:\/\/aluguefesta.net.br\/?post_type=product&#038;p=148"},"modified":"2026-01-28T14:15:04","modified_gmt":"2026-01-28T17:15:04","slug":"taca-champanhe-180-ml","status":"publish","type":"product","link":"https:\/\/aluguefesta.net.br\/index.php\/produto\/taca-champanhe-180-ml\/","title":{"rendered":"Ta\u00e7a Champanhe Espumante Prosecco Frisante 180 ml"},"content":{"rendered":"","protected":false},"excerpt":{"rendered":"<p>Esta ta\u00e7a \u00e9 ideal para saborear um bom champagne com bom gosto e qualidade. \u00c9 fabricada com vidro de alta qualidade, que oferece maior durabilidade e resist\u00eancia. Bel\u00edssimo jogo de ta\u00e7as para voc\u00ea servir um bom pr\u00f3-seco e brindar com requinte e eleg\u00e2ncia.<\/p>\n<p><strong>Capacidade:\u00a0<\/strong>180ml<\/p>\n<p><strong>Medidas:<\/strong>\u00a0\u00d86,2\u00d718,5cm<\/p>\n<p><strong>Material:<\/strong>\u00a0vidro<\/p>\n","protected":false},"featured_media":3322,"template":"","meta":[],"_links":{"self":[{"href":"https:\/\/aluguefesta.net.br\/index.php\/wp-json\/wp\/v2\/product\/148"}],"collection":[{"href":"https:\/\/aluguefesta.net.br\/index.php\/wp-json\/wp\/v2\/product"}],"about":[{"href":"https:\/\/aluguefesta.net.br\/index.php\/wp-json\/wp\/v2\/types\/product"}],"wp:featuredmedia":[{"embeddable":true,"href":"https:\/\/aluguefesta.net.br\/index.php\/wp-json\/wp\/v2\/media\/3322"}],"wp:attachment":[{"href":"https:\/\/aluguefesta.net.br\/index.php\/wp-json\/wp\/v2\/media?parent=148"}],"curies":[{"name":"wp","href":"https:\/\/api.w.org\/{rel}","templated":true}]}}