{"id":1482,"date":"2023-02-28T22:04:23","date_gmt":"2023-03-01T01:04:23","guid":{"rendered":"https:\/\/aluguefesta.net.br\/?post_type=product&#038;p=1482"},"modified":"2023-11-13T23:03:13","modified_gmt":"2023-11-14T02:03:13","slug":"tapete-forracao-bege-1-locacao-2x25","status":"publish","type":"product","link":"https:\/\/aluguefesta.net.br\/index.php\/produto\/tapete-forracao-bege-1-locacao-2x25\/","title":{"rendered":"Tapete Forra\u00e7\u00e3o BEGE 1 LOCA\u00c7\u00c3O 2&#215;2,5"},"content":{"rendered":"<p>Tapete em Feltro Prime<\/p>\n<p>Medida : 2&#215;2,5<\/p>\n<p>Acompanha Fita de Fixa\u00e7\u00e3o<\/p>\n<p>COR : BEGE CAQUI<\/p>\n","protected":false},"excerpt":{"rendered":"<p>Tapete em Feltro Prime<\/p>\n<p>Medida : 2&#215;2,5<\/p>\n<p>Acompanha Fita de Fixa\u00e7\u00e3o<\/p>\n<p>COR : BEGE CAQUI<\/p>\n","protected":false},"featured_media":511,"template":"","meta":[],"_links":{"self":[{"href":"https:\/\/aluguefesta.net.br\/index.php\/wp-json\/wp\/v2\/product\/1482"}],"collection":[{"href":"https:\/\/aluguefesta.net.br\/index.php\/wp-json\/wp\/v2\/product"}],"about":[{"href":"https:\/\/aluguefesta.net.br\/index.php\/wp-json\/wp\/v2\/types\/product"}],"wp:featuredmedia":[{"embeddable":true,"href":"https:\/\/aluguefesta.net.br\/index.php\/wp-json\/wp\/v2\/media\/511"}],"wp:attachment":[{"href":"https:\/\/aluguefesta.net.br\/index.php\/wp-json\/wp\/v2\/media?parent=1482"}],"curies":[{"name":"wp","href":"https:\/\/api.w.org\/{rel}","templated":true}]}}