{"id":151,"date":"2020-07-25T21:09:29","date_gmt":"2020-07-26T00:09:29","guid":{"rendered":"https:\/\/aluguefesta.net.br\/?post_type=product&#038;p=151"},"modified":"2026-02-11T11:13:25","modified_gmt":"2026-02-11T14:13:25","slug":"jogo-xicaras-porcelana-margaridas","status":"publish","type":"product","link":"https:\/\/aluguefesta.net.br\/index.php\/produto\/jogo-xicaras-porcelana-margaridas\/","title":{"rendered":"Jogo X\u00edcaras Porcelana Margaridas"},"content":{"rendered":"<div>\n<p>Lindo Jogo em forma de cora\u00e7\u00e3o para compor sua mesa de caf\u00e9 Material : Porcelana Chinesa \u2013 20 pe\u00e7as : 10 Pires e 10 X\u00edcaras<\/p>\n<p>Cor : Tons de Amarelo \/ Laranja<\/p>\n<\/div>\n<ul>\n<li><strong>Material:<\/strong>\u00a0Porcelana<\/li>\n<li><strong>Color:<\/strong>\u00a0Amarelo<\/li>\n<li><strong>Print:<\/strong>\u00a0Flores<\/li>\n<\/ul>\n","protected":false},"excerpt":{"rendered":"<div>\n<p>Lindo Jogo em forma de cora\u00e7\u00e3o para compor sua mesa de caf\u00e9 Material : Porcelana Chinesa \u201320 pe\u00e7as : 10 Pires e 10 X\u00edcaras<\/p>\n<p>Cor : Tons de Amarelo \/ Laranja<\/p>\n<\/div>\n<ul>\n<li><strong>Material:<\/strong>\u00a0Porcelana<\/li>\n<li><strong>Color:<\/strong>\u00a0Amarelo<\/li>\n<li><strong>Print:<\/strong>\u00a0Flores<\/li>\n<\/ul>\n","protected":false},"featured_media":152,"template":"","meta":[],"_links":{"self":[{"href":"https:\/\/aluguefesta.net.br\/index.php\/wp-json\/wp\/v2\/product\/151"}],"collection":[{"href":"https:\/\/aluguefesta.net.br\/index.php\/wp-json\/wp\/v2\/product"}],"about":[{"href":"https:\/\/aluguefesta.net.br\/index.php\/wp-json\/wp\/v2\/types\/product"}],"wp:featuredmedia":[{"embeddable":true,"href":"https:\/\/aluguefesta.net.br\/index.php\/wp-json\/wp\/v2\/media\/152"}],"wp:attachment":[{"href":"https:\/\/aluguefesta.net.br\/index.php\/wp-json\/wp\/v2\/media?parent=151"}],"curies":[{"name":"wp","href":"https:\/\/api.w.org\/{rel}","templated":true}]}}