{"id":1520,"date":"2023-05-09T21:07:32","date_gmt":"2023-05-10T00:07:32","guid":{"rendered":"https:\/\/aluguefesta.net.br\/?post_type=product&#038;p=1520"},"modified":"2025-11-17T12:58:24","modified_gmt":"2025-11-17T15:58:24","slug":"servico-4h-de-atuacao-garcon-ou-copeiro","status":"publish","type":"product","link":"https:\/\/aluguefesta.net.br\/index.php\/produto\/servico-4h-de-atuacao-garcon-ou-copeiro\/","title":{"rendered":"Servi\u00e7o &#8211; 4h de atua\u00e7\u00e3o &#8211; Gar\u00e7on Fritadeira ou Copeiro"},"content":{"rendered":"<p>Levamos Bandeja e jarra<\/p>\n","protected":false},"excerpt":{"rendered":"<p>Levamos Bandeja e jarra<\/p>\n","protected":false},"featured_media":3819,"template":"","meta":[],"_links":{"self":[{"href":"https:\/\/aluguefesta.net.br\/index.php\/wp-json\/wp\/v2\/product\/1520"}],"collection":[{"href":"https:\/\/aluguefesta.net.br\/index.php\/wp-json\/wp\/v2\/product"}],"about":[{"href":"https:\/\/aluguefesta.net.br\/index.php\/wp-json\/wp\/v2\/types\/product"}],"wp:featuredmedia":[{"embeddable":true,"href":"https:\/\/aluguefesta.net.br\/index.php\/wp-json\/wp\/v2\/media\/3819"}],"wp:attachment":[{"href":"https:\/\/aluguefesta.net.br\/index.php\/wp-json\/wp\/v2\/media?parent=1520"}],"curies":[{"name":"wp","href":"https:\/\/api.w.org\/{rel}","templated":true}]}}