{"id":1523,"date":"2023-05-15T15:11:33","date_gmt":"2023-05-15T18:11:33","guid":{"rendered":"https:\/\/aluguefesta.net.br\/?post_type=product&#038;p=1523"},"modified":"2025-10-28T11:26:45","modified_gmt":"2025-10-28T14:26:45","slug":"panela-7l-pressao-aluminio-panelux-baixa-media-pressao","status":"publish","type":"product","link":"https:\/\/aluguefesta.net.br\/index.php\/produto\/panela-7l-pressao-aluminio-panelux-baixa-media-pressao\/","title":{"rendered":"Panela 7L PRESS\u00c3O Aluminio PANELUX BAIXA MEDIA PRESSAO"},"content":{"rendered":"<p>Panela 7L PRESS\u00c3O Aluminio PANELUX BAIXA MEDIA PRESSAO (N\u00c3O SUPORTA FOG\u00c3O ALTA PRESS\u00c3O)<\/p>\n<p>Ideal para cozer PEQUENAS quantidades de comida para buffet , festas e eventos.<\/p>\n","protected":false},"excerpt":{"rendered":"<p>Panela 7L PRESS\u00c3O Aluminio PANELUX BAIXA MEDIA PRESSAO (N\u00c3O SUPORTA FOG\u00c3O ALTA PRESS\u00c3O)<\/p>\n<p>Ideal para cozer PEQUENAS quantidades de comida para buffet , festas e eventos.<\/p>\n","protected":false},"featured_media":1524,"template":"","meta":[],"_links":{"self":[{"href":"https:\/\/aluguefesta.net.br\/index.php\/wp-json\/wp\/v2\/product\/1523"}],"collection":[{"href":"https:\/\/aluguefesta.net.br\/index.php\/wp-json\/wp\/v2\/product"}],"about":[{"href":"https:\/\/aluguefesta.net.br\/index.php\/wp-json\/wp\/v2\/types\/product"}],"wp:featuredmedia":[{"embeddable":true,"href":"https:\/\/aluguefesta.net.br\/index.php\/wp-json\/wp\/v2\/media\/1524"}],"wp:attachment":[{"href":"https:\/\/aluguefesta.net.br\/index.php\/wp-json\/wp\/v2\/media?parent=1523"}],"curies":[{"name":"wp","href":"https:\/\/api.w.org\/{rel}","templated":true}]}}