{"id":1537,"date":"2023-05-23T02:25:24","date_gmt":"2023-05-23T05:25:24","guid":{"rendered":"https:\/\/aluguefesta.net.br\/?post_type=product&#038;p=1537"},"modified":"2024-05-14T21:56:37","modified_gmt":"2024-05-15T00:56:37","slug":"lixeira-padrao-anvisa-25-litros-preta","status":"publish","type":"product","link":"https:\/\/aluguefesta.net.br\/index.php\/produto\/lixeira-padrao-anvisa-25-litros-preta\/","title":{"rendered":"Lixeira Padr\u00e3o Anvisa 25 litros Preta"},"content":{"rendered":"<p>Leve, at\u00f3xica e de f\u00e1cil limpeza, nossas lixeiras ficam 100% vedadas quando a tampa est\u00e1 fechada.<br \/>\nA Lixeira com pedal 50L resiste a impactos e repetidas lavagens, o que permite a utiliza\u00e7\u00e3o em diversos ambientes, inclusive o dom\u00e9stico.<\/p>\n<p>UTILIZA\u00c7\u00d5ES<br \/>\n&#8211; Coleta seletiva<br \/>\n&#8211; Lanchonetes<br \/>\n&#8211; Restaurantes<br \/>\n&#8211; Shoppings, condom\u00ednios, clubes<br \/>\n&#8211; Escolas e universidades<br \/>\n&#8211; Estabelecimentos comerciais e industriais.<\/p>\n<p>Super resistente;<br \/>\n&#8211; Atende as normas da Vigil\u00e2ncia Sanit\u00e1ria;<br \/>\n&#8211; Formato Empilh\u00e1vel;<br \/>\n&#8211; Pedal Embutido;<br \/>\n&#8211; Dimens\u00f5es Externas: 57 cm (altura) x 37 cm (largura) x 34,5 cm (comprimento);<br \/>\n&#8211; Peso do Produto: 2,558 kg;<br \/>\n&#8211; Capacidade Volum\u00e9trica: 25 litros;<\/p>\n","protected":false},"excerpt":{"rendered":"<p>Leve, at\u00f3xica e de f\u00e1cil limpeza, nossas lixeiras ficam 100% vedadas quando a tampa est\u00e1 fechada.<br \/>\nA Lixeira com pedal 50L resiste a impactos e repetidas lavagens, o que permite a utiliza\u00e7\u00e3o em diversos ambientes, inclusive o dom\u00e9stico.<\/p>\n<p>UTILIZA\u00c7\u00d5ES<br \/>\n&#8211; Coleta seletiva<br \/>\n&#8211; Lanchonetes<br \/>\n&#8211; Restaurantes<br \/>\n&#8211; Shoppings, condom\u00ednios, clubes<br \/>\n&#8211; Escolas e universidades<br \/>\n&#8211; Estabelecimentos comerciais e industriais.<\/p>\n<p>Super resistente;<br \/>\n&#8211; Atende as normas da Vigil\u00e2ncia Sanit\u00e1ria;<br \/>\n&#8211; Formato Empilh\u00e1vel;<br \/>\n&#8211; Pedal Embutido;<br \/>\n&#8211; Dimens\u00f5es Externas: 57 cm (altura) x 37 cm (largura) x 34,5 cm (comprimento);<br \/>\n&#8211; Peso do Produto: 2,558 kg;<br \/>\n&#8211; Capacidade Volum\u00e9trica: 25 litros;<\/p>\n","protected":false},"featured_media":1538,"template":"","meta":[],"_links":{"self":[{"href":"https:\/\/aluguefesta.net.br\/index.php\/wp-json\/wp\/v2\/product\/1537"}],"collection":[{"href":"https:\/\/aluguefesta.net.br\/index.php\/wp-json\/wp\/v2\/product"}],"about":[{"href":"https:\/\/aluguefesta.net.br\/index.php\/wp-json\/wp\/v2\/types\/product"}],"wp:featuredmedia":[{"embeddable":true,"href":"https:\/\/aluguefesta.net.br\/index.php\/wp-json\/wp\/v2\/media\/1538"}],"wp:attachment":[{"href":"https:\/\/aluguefesta.net.br\/index.php\/wp-json\/wp\/v2\/media?parent=1537"}],"curies":[{"name":"wp","href":"https:\/\/api.w.org\/{rel}","templated":true}]}}