{"id":1544,"date":"2023-06-01T00:20:56","date_gmt":"2023-06-01T03:20:56","guid":{"rendered":"https:\/\/aluguefesta.net.br\/?post_type=product&#038;p=1544"},"modified":"2023-06-01T00:24:40","modified_gmt":"2023-06-01T03:24:40","slug":"bolo-fake-3-andares-branco-liso","status":"publish","type":"product","link":"https:\/\/aluguefesta.net.br\/index.php\/produto\/bolo-fake-3-andares-branco-liso\/","title":{"rendered":"Bolo Fake &#8211; 3 andares Branco Liso"},"content":{"rendered":"<p>bolo fake 3 andares<\/p>\n<p>O BOLO \u00c9 LISO COM FITA NA COR QUE O CLIENTE ESCOLHER PARA APLICA\u00c7\u00c3O DE FLORES NATURAIS<\/p>\n<p>30 CM (BASE)<\/p>\n","protected":false},"excerpt":{"rendered":"<p>bolo fake 3 andares<\/p>\n<p>O BOLO \u00c9 LISO COM FITA NA COR QUE O CLIENTE ESCOLHER PARA APLICA\u00c7\u00c3O DE FLORES NATURAIS<\/p>\n<p>30 CM (BASE)<\/p>\n","protected":false},"featured_media":1545,"template":"","meta":[],"_links":{"self":[{"href":"https:\/\/aluguefesta.net.br\/index.php\/wp-json\/wp\/v2\/product\/1544"}],"collection":[{"href":"https:\/\/aluguefesta.net.br\/index.php\/wp-json\/wp\/v2\/product"}],"about":[{"href":"https:\/\/aluguefesta.net.br\/index.php\/wp-json\/wp\/v2\/types\/product"}],"wp:featuredmedia":[{"embeddable":true,"href":"https:\/\/aluguefesta.net.br\/index.php\/wp-json\/wp\/v2\/media\/1545"}],"wp:attachment":[{"href":"https:\/\/aluguefesta.net.br\/index.php\/wp-json\/wp\/v2\/media?parent=1544"}],"curies":[{"name":"wp","href":"https:\/\/api.w.org\/{rel}","templated":true}]}}