{"id":1546,"date":"2023-06-01T00:27:04","date_gmt":"2023-06-01T03:27:04","guid":{"rendered":"https:\/\/aluguefesta.net.br\/?post_type=product&#038;p=1546"},"modified":"2023-06-01T00:31:47","modified_gmt":"2023-06-01T03:31:47","slug":"suporte-de-painel-3m-x540-regulavel","status":"publish","type":"product","link":"https:\/\/aluguefesta.net.br\/index.php\/produto\/suporte-de-painel-3m-x540-regulavel\/","title":{"rendered":"Suporte de Painel 3m x5,40 regul\u00e1vel"},"content":{"rendered":"<p>suporte de metal regul\u00e1vel<\/p>\n<p>3,00 (altura x5,40 (larg.)<\/p>\n<p>Ideal para Decora\u00e7\u00e3o de Festas e Eventos<\/p>\n<p>ESTRUTURA SUPORTE PARA PAINEL , LONA , BANNER , BACKDROP , TECIDO , CORTINA , FUNDO FOTOGRAFICO , VOIL , LEDS , MURO INGL\u00c9S , ILUMINA\u00c7\u00c3O , PROPAGANDA , BAL\u00d5ES , BEXIGAS , TELAS E ENTRE OUTRAS FINALIDADES<\/p>\n<p>INSTALA\u00c7\u00c3O E MONTAGEM n\u00e3o inclusa<\/p>\n<p>FOTO ILUSTRATIVA &#8211; DECORA\u00c7\u00c3O NAO INCLUSA &#8211; PRE\u00c7O REFERE-SE A APENAS O SUPORTE<\/p>\n","protected":false},"excerpt":{"rendered":"<p>uporte de metal regul\u00e1vel<\/p>\n<p>3,00 (altura x5,40 (larg.)<\/p>\n<p>Ideal para Decora\u00e7\u00e3o de Festas e Eventos<\/p>\n<p>ESTRUTURA SUPORTE PARA PAINEL , LONA , BANNER , BACKDROP , TECIDO , CORTINA , FUNDO FOTOGRAFICO , VOIL , LEDS , MURO INGL\u00c9S , ILUMINA\u00c7\u00c3O , PROPAGANDA , BAL\u00d5ES , BEXIGAS , TELAS E ENTRE OUTRAS FINALIDADES<\/p>\n<p>INSTALA\u00c7\u00c3O E MONTAGEM n\u00e3o inclusa<\/p>\n<p>FOTO ILUSTRATIVA &#8211; DECORA\u00c7\u00c3O NAO INCLUSA &#8211; PRE\u00c7O REFERE-SE A APENAS O SUPORTE<\/p>\n<p>FOTO ILUSTRATIVA &#8211; DECORA\u00c7\u00c3O NAO INCLUSA &#8211; PRE\u00c7O REFERE-SE A APENAS O SUPORTE<\/p>\n","protected":false},"featured_media":1548,"template":"","meta":[],"_links":{"self":[{"href":"https:\/\/aluguefesta.net.br\/index.php\/wp-json\/wp\/v2\/product\/1546"}],"collection":[{"href":"https:\/\/aluguefesta.net.br\/index.php\/wp-json\/wp\/v2\/product"}],"about":[{"href":"https:\/\/aluguefesta.net.br\/index.php\/wp-json\/wp\/v2\/types\/product"}],"wp:featuredmedia":[{"embeddable":true,"href":"https:\/\/aluguefesta.net.br\/index.php\/wp-json\/wp\/v2\/media\/1548"}],"wp:attachment":[{"href":"https:\/\/aluguefesta.net.br\/index.php\/wp-json\/wp\/v2\/media?parent=1546"}],"curies":[{"name":"wp","href":"https:\/\/api.w.org\/{rel}","templated":true}]}}