{"id":1575,"date":"2023-06-27T14:01:54","date_gmt":"2023-06-27T17:01:54","guid":{"rendered":"https:\/\/aluguefesta.net.br\/?post_type=product&#038;p=1575"},"modified":"2026-01-14T14:12:28","modified_gmt":"2026-01-14T17:12:28","slug":"xicara-de-cha-premium-220ml","status":"publish","type":"product","link":"https:\/\/aluguefesta.net.br\/index.php\/produto\/xicara-de-cha-premium-220ml\/","title":{"rendered":"X\u00edcara de ch\u00e1 Premium 220ml"},"content":{"rendered":"<p>x\u00edcara de Vidro liso<\/p>\n<p>&nbsp;<\/p>\n","protected":false},"excerpt":{"rendered":"<p>x\u00edcara de Vidro liso<\/p>\n<p>&nbsp;<\/p>\n","protected":false},"featured_media":1576,"template":"","meta":[],"_links":{"self":[{"href":"https:\/\/aluguefesta.net.br\/index.php\/wp-json\/wp\/v2\/product\/1575"}],"collection":[{"href":"https:\/\/aluguefesta.net.br\/index.php\/wp-json\/wp\/v2\/product"}],"about":[{"href":"https:\/\/aluguefesta.net.br\/index.php\/wp-json\/wp\/v2\/types\/product"}],"wp:featuredmedia":[{"embeddable":true,"href":"https:\/\/aluguefesta.net.br\/index.php\/wp-json\/wp\/v2\/media\/1576"}],"wp:attachment":[{"href":"https:\/\/aluguefesta.net.br\/index.php\/wp-json\/wp\/v2\/media?parent=1575"}],"curies":[{"name":"wp","href":"https:\/\/api.w.org\/{rel}","templated":true}]}}