{"id":1594,"date":"2023-06-29T13:50:20","date_gmt":"2023-06-29T16:50:20","guid":{"rendered":"https:\/\/aluguefesta.net.br\/?post_type=product&#038;p=1594"},"modified":"2026-01-14T14:07:23","modified_gmt":"2026-01-14T17:07:23","slug":"xicara-design-cafe-sem-pires-60ml","status":"publish","type":"product","link":"https:\/\/aluguefesta.net.br\/index.php\/produto\/xicara-design-cafe-sem-pires-60ml\/","title":{"rendered":"X\u00edcara Design Caf\u00e9  sem pires 60ml"},"content":{"rendered":"<p>x\u00edcara de Vidro liso<\/p>\n<p>sem pires<\/p>\n","protected":false},"excerpt":{"rendered":"<p>x\u00edcara de Vidro liso<\/p>\n<p>sem pires<\/p>\n","protected":false},"featured_media":1595,"template":"","meta":[],"_links":{"self":[{"href":"https:\/\/aluguefesta.net.br\/index.php\/wp-json\/wp\/v2\/product\/1594"}],"collection":[{"href":"https:\/\/aluguefesta.net.br\/index.php\/wp-json\/wp\/v2\/product"}],"about":[{"href":"https:\/\/aluguefesta.net.br\/index.php\/wp-json\/wp\/v2\/types\/product"}],"wp:featuredmedia":[{"embeddable":true,"href":"https:\/\/aluguefesta.net.br\/index.php\/wp-json\/wp\/v2\/media\/1595"}],"wp:attachment":[{"href":"https:\/\/aluguefesta.net.br\/index.php\/wp-json\/wp\/v2\/media?parent=1594"}],"curies":[{"name":"wp","href":"https:\/\/api.w.org\/{rel}","templated":true}]}}