{"id":1596,"date":"2023-06-29T14:14:57","date_gmt":"2023-06-29T17:14:57","guid":{"rendered":"https:\/\/aluguefesta.net.br\/?post_type=product&#038;p=1596"},"modified":"2025-10-28T12:10:17","modified_gmt":"2025-10-28T15:10:17","slug":"xicara-de-cha-lirio-220ml","status":"publish","type":"product","link":"https:\/\/aluguefesta.net.br\/index.php\/produto\/xicara-de-cha-lirio-220ml\/","title":{"rendered":"X\u00edcara de ch\u00e1 lirio 220ml"},"content":{"rendered":"<p>x\u00edcara de Vidro<\/p>\n<p>&nbsp;<\/p>\n","protected":false},"excerpt":{"rendered":"<p>x\u00edcara de Vidro<\/p>\n<p>&nbsp;<\/p>\n","protected":false},"featured_media":1597,"template":"","meta":[],"_links":{"self":[{"href":"https:\/\/aluguefesta.net.br\/index.php\/wp-json\/wp\/v2\/product\/1596"}],"collection":[{"href":"https:\/\/aluguefesta.net.br\/index.php\/wp-json\/wp\/v2\/product"}],"about":[{"href":"https:\/\/aluguefesta.net.br\/index.php\/wp-json\/wp\/v2\/types\/product"}],"wp:featuredmedia":[{"embeddable":true,"href":"https:\/\/aluguefesta.net.br\/index.php\/wp-json\/wp\/v2\/media\/1597"}],"wp:attachment":[{"href":"https:\/\/aluguefesta.net.br\/index.php\/wp-json\/wp\/v2\/media?parent=1596"}],"curies":[{"name":"wp","href":"https:\/\/api.w.org\/{rel}","templated":true}]}}