{"id":1621,"date":"2023-07-19T16:25:10","date_gmt":"2023-07-19T19:25:10","guid":{"rendered":"https:\/\/aluguefesta.net.br\/?post_type=product&#038;p=1621"},"modified":"2026-01-14T14:32:08","modified_gmt":"2026-01-14T17:32:08","slug":"taca-nobel-vinho-e-agua-270ml","status":"publish","type":"product","link":"https:\/\/aluguefesta.net.br\/index.php\/produto\/taca-nobel-vinho-e-agua-270ml\/","title":{"rendered":"Ta\u00e7a Nobel vinho e \u00e1gua 270ml"},"content":{"rendered":"<p>Vidro CRISTAL Incolor<\/p>\n<p>IDEAL PARA MESA POSTA<\/p>\n<p>Dimens\u00f5es: 8,3&#215;5,9&#215;16,8cm\u00a0\u00a0(Comprimento x Largura x Altura)<\/p>\n<p>Peso: 0,270kg<\/p>\n<p>Material: Vidro.<\/p>\n<p style=\"padding-left: 40px;\">Uso E Preserva\u00e7\u00e3o: &#8211; Para Limpeza, Remova A Sujeira Com Uma Esponja Macia, Tire Todo O Res\u00edduo De Sab\u00e3o E Seque Bem. &#8211; N\u00e3o Utilize Abrasivos Ou Utens\u00edlios Pontiagudos. &#8211; Submeter O Vidro A Mudan\u00e7as Bruscas De Temperatura Pode Causar Choque T\u00e9rmico E Danificar Seu Produto. &#8211; Evite Impactos.<\/p>\n","protected":false},"excerpt":{"rendered":"<p>Vidro CRISTAL Incolor<\/p>\n<p>IDEAL PARA MESA POSTA<\/p>\n<p>Dimens\u00f5es: 8,3&#215;5,9&#215;16,8cm\u00a0\u00a0(Comprimento x Largura x Altura)<\/p>\n<p>Peso: 0,270kg<\/p>\n<p>Material: Vidro.<\/p>\n<p>Uso E Preserva\u00e7\u00e3o: &#8211; Para Limpeza, Remova A Sujeira Com Uma Esponja Macia, Tire Todo O Res\u00edduo De Sab\u00e3o E Seque Bem. &#8211; N\u00e3o Utilize Abrasivos Ou Utens\u00edlios Pontiagudos. &#8211; Submeter O Vidro A Mudan\u00e7as Bruscas De Temperatura Pode Causar Choque T\u00e9rmico E Danificar Seu Produto. &#8211; Evite Impactos.<\/p>\n","protected":false},"featured_media":1622,"template":"","meta":[],"_links":{"self":[{"href":"https:\/\/aluguefesta.net.br\/index.php\/wp-json\/wp\/v2\/product\/1621"}],"collection":[{"href":"https:\/\/aluguefesta.net.br\/index.php\/wp-json\/wp\/v2\/product"}],"about":[{"href":"https:\/\/aluguefesta.net.br\/index.php\/wp-json\/wp\/v2\/types\/product"}],"wp:featuredmedia":[{"embeddable":true,"href":"https:\/\/aluguefesta.net.br\/index.php\/wp-json\/wp\/v2\/media\/1622"}],"wp:attachment":[{"href":"https:\/\/aluguefesta.net.br\/index.php\/wp-json\/wp\/v2\/media?parent=1621"}],"curies":[{"name":"wp","href":"https:\/\/api.w.org\/{rel}","templated":true}]}}