{"id":1644,"date":"2023-08-18T16:44:56","date_gmt":"2023-08-18T19:44:56","guid":{"rendered":"https:\/\/aluguefesta.net.br\/?post_type=product&#038;p=1644"},"modified":"2026-01-14T14:19:08","modified_gmt":"2026-01-14T17:19:08","slug":"ramequim-luxo-em-cristal-230ml","status":"publish","type":"product","link":"https:\/\/aluguefesta.net.br\/index.php\/produto\/ramequim-luxo-em-cristal-230ml\/","title":{"rendered":"Ramequim Luxo em Cristal 230ML"},"content":{"rendered":"<p>Uma pe\u00e7a linda e exclusiva, seus p\u00e9s e a textura em alto relevo proporcionam uma beleza diferenciada.<\/p>\n<p>S\u00e3o perfeitos para compor uma linda mesa de caf\u00e9 da manh\u00e3, servir sobremesa, Mini refei\u00e7\u00f5es em eventos ou aperitivos.<\/p>\n<p>Produzidos em vidro, s\u00e3o resistentes, f\u00e1ceis de limpar e higi\u00eanicos pois n\u00e3o absorvem sabor ou cheiro dos alimentos.<\/p>\n<p>&nbsp;<\/p>\n<p>Capacidade 230ml<\/p>\n","protected":false},"excerpt":{"rendered":"<p>Uma pe\u00e7a linda e exclusiva, seus p\u00e9s e a textura em alto relevo proporcionam uma beleza diferenciada.<\/p>\n<p>S\u00e3o perfeitos para compor uma linda mesa de caf\u00e9 da manh\u00e3, servir sobremesa, Mini refei\u00e7\u00f5es em eventos ou aperitivos.<\/p>\n<p>Produzidos em vidro, s\u00e3o resistentes, f\u00e1ceis de limpar e higi\u00eanicos pois n\u00e3o absorvem sabor ou cheiro dos alimentos.<\/p>\n<p>&nbsp;<\/p>\n<p>Capacidade 230ml<\/p>\n","protected":false},"featured_media":1646,"template":"","meta":[],"_links":{"self":[{"href":"https:\/\/aluguefesta.net.br\/index.php\/wp-json\/wp\/v2\/product\/1644"}],"collection":[{"href":"https:\/\/aluguefesta.net.br\/index.php\/wp-json\/wp\/v2\/product"}],"about":[{"href":"https:\/\/aluguefesta.net.br\/index.php\/wp-json\/wp\/v2\/types\/product"}],"wp:featuredmedia":[{"embeddable":true,"href":"https:\/\/aluguefesta.net.br\/index.php\/wp-json\/wp\/v2\/media\/1646"}],"wp:attachment":[{"href":"https:\/\/aluguefesta.net.br\/index.php\/wp-json\/wp\/v2\/media?parent=1644"}],"curies":[{"name":"wp","href":"https:\/\/api.w.org\/{rel}","templated":true}]}}