{"id":165,"date":"2020-07-25T21:43:45","date_gmt":"2020-07-26T00:43:45","guid":{"rendered":"https:\/\/aluguefesta.net.br\/?post_type=product&#038;p=165"},"modified":"2025-11-07T03:33:04","modified_gmt":"2025-11-07T06:33:04","slug":"gaiola-retro-em-madeira","status":"publish","type":"product","link":"https:\/\/aluguefesta.net.br\/index.php\/produto\/gaiola-retro-em-madeira\/","title":{"rendered":"Gaiola Retr\u00f4 em Madeira"},"content":{"rendered":"<p>Linda Gaiola Retr\u00f4 R\u00fastica em madeira para sua decora\u00e7\u00e3o.<\/p>\n<p><strong>Material:<\/strong>\u00a0madeira<br \/>\n<strong>Color:<\/strong>\u00a0natural<\/p>\n","protected":false},"excerpt":{"rendered":"<p>Linda Gaiola Retr\u00f4 R\u00fastica em madeira para sua decora\u00e7\u00e3o.<\/p>\n<p><strong>Material:<\/strong>\u00a0madeira<br \/>\n<strong>Color:<\/strong>\u00a0natural<\/p>\n","protected":false},"featured_media":553,"template":"","meta":[],"_links":{"self":[{"href":"https:\/\/aluguefesta.net.br\/index.php\/wp-json\/wp\/v2\/product\/165"}],"collection":[{"href":"https:\/\/aluguefesta.net.br\/index.php\/wp-json\/wp\/v2\/product"}],"about":[{"href":"https:\/\/aluguefesta.net.br\/index.php\/wp-json\/wp\/v2\/types\/product"}],"wp:featuredmedia":[{"embeddable":true,"href":"https:\/\/aluguefesta.net.br\/index.php\/wp-json\/wp\/v2\/media\/553"}],"wp:attachment":[{"href":"https:\/\/aluguefesta.net.br\/index.php\/wp-json\/wp\/v2\/media?parent=165"}],"curies":[{"name":"wp","href":"https:\/\/api.w.org\/{rel}","templated":true}]}}