{"id":1655,"date":"2023-08-22T15:22:14","date_gmt":"2023-08-22T18:22:14","guid":{"rendered":"https:\/\/aluguefesta.net.br\/?post_type=product&#038;p=1655"},"modified":"2025-09-30T21:26:34","modified_gmt":"2025-10-01T00:26:34","slug":"cooler-caixa-termica-30l-preta","status":"publish","type":"product","link":"https:\/\/aluguefesta.net.br\/index.php\/produto\/cooler-caixa-termica-30l-preta\/","title":{"rendered":"COOLER CAIXA T\u00c9RMICA 30L PRETA"},"content":{"rendered":"<p>Capacidade: 30 litros<br \/>\nLargura: 29 cm<br \/>\nAltura 36 cm<br \/>\nComprimento: 44 cm<\/p>\n<p>Medidas Internas:<br \/>\nAltura: 30cm<br \/>\nLargura: 40cm<br \/>\nComprimento: 25cm<\/p>\n<p>Material Isolamento em Poliestireno expandido (EPS) e demais pe\u00e7as em Polipropileno (pl\u00e1stico).<\/p>\n<p>IMMAGEM ILUSTRATIVA POR\u00c9M TODAS AS CAIXAS Q TEMOS SAO PRETAS NESTE TAMANHO<\/p>\n","protected":false},"excerpt":{"rendered":"<p>Capacidade: 30 litros Largura: 29 cm Altura 36 cm Comprimento: 44 cm Medidas Internas: Altura: 30cm Largura: 40cm Comprimento: 25cm Material Isolamento em Poliestireno expandido (EPS) e demais pe\u00e7as em Polipropileno (pl\u00e1stico). IMMAGEM ILUSTRATIVA POR\u00c9M TODAS AS CAIXAS Q TEMOS SAO PRETAS NESTE TAMANHO<\/p>\n","protected":false},"featured_media":1656,"template":"","meta":[],"_links":{"self":[{"href":"https:\/\/aluguefesta.net.br\/index.php\/wp-json\/wp\/v2\/product\/1655"}],"collection":[{"href":"https:\/\/aluguefesta.net.br\/index.php\/wp-json\/wp\/v2\/product"}],"about":[{"href":"https:\/\/aluguefesta.net.br\/index.php\/wp-json\/wp\/v2\/types\/product"}],"wp:featuredmedia":[{"embeddable":true,"href":"https:\/\/aluguefesta.net.br\/index.php\/wp-json\/wp\/v2\/media\/1656"}],"wp:attachment":[{"href":"https:\/\/aluguefesta.net.br\/index.php\/wp-json\/wp\/v2\/media?parent=1655"}],"curies":[{"name":"wp","href":"https:\/\/api.w.org\/{rel}","templated":true}]}}