{"id":1671,"date":"2023-08-24T02:15:01","date_gmt":"2023-08-24T05:15:01","guid":{"rendered":"https:\/\/aluguefesta.net.br\/?post_type=product&#038;p=1671"},"modified":"2025-10-28T11:08:58","modified_gmt":"2025-10-28T14:08:58","slug":"arco-suporte-ferro-redondo-dourado-150m-regulavel","status":"publish","type":"product","link":"https:\/\/aluguefesta.net.br\/index.php\/produto\/arco-suporte-ferro-redondo-dourado-150m-regulavel\/","title":{"rendered":"Arco Suporte ferro Redondo Dourado 1,50m regul\u00e1vel Painel"},"content":{"rendered":"<p>Suporte de ferro dourado Desmotavel ,esse item vai transform\u00e1 a decora\u00e7\u00e3o de sua festa.<br \/>\nPerfeito para anivers\u00e1rio casamento e batizado com sua estrutura desmont\u00e1vel, facil de montar e desmontar, dividido em tres partes, tornando a prepara\u00e7\u00e3o de sua festa muito mais rapida e facil.<br \/>\nSuporte redondo dourado<br \/>\nAltura 2 metros<br \/>\nDi\u00e2metro 1,5<br \/>\nDesmotavel<\/p>\n","protected":false},"excerpt":{"rendered":"<p>Suporte de ferro dourado Desmotavel ,esse item vai transform\u00e1 a decora\u00e7\u00e3o de sua festa.<br \/>\nPerfeito para anivers\u00e1rio casamento e batizado com sua estrutura desmont\u00e1vel, facil de montar e desmontar, dividido em tres partes, tornando a prepara\u00e7\u00e3o de sua festa muito mais rapida e facil.<br \/>\nSuporte redondo dourado<br \/>\nAltura 2 metros<br \/>\nDi\u00e2metro 1,5<br \/>\nDesmotavel<\/p>\n<p>INSTALA\u00c7\u00c3O E MONTAGEM n\u00e3o inclusa<\/p>\n<p>FOTO ILUSTRATIVA &#8211; DECORA\u00c7\u00c3O NAO INCLUSA &#8211; PRE\u00c7O REFERE-SE A APENAS O SUPORTE<\/p>\n","protected":false},"featured_media":1672,"template":"","meta":[],"_links":{"self":[{"href":"https:\/\/aluguefesta.net.br\/index.php\/wp-json\/wp\/v2\/product\/1671"}],"collection":[{"href":"https:\/\/aluguefesta.net.br\/index.php\/wp-json\/wp\/v2\/product"}],"about":[{"href":"https:\/\/aluguefesta.net.br\/index.php\/wp-json\/wp\/v2\/types\/product"}],"wp:featuredmedia":[{"embeddable":true,"href":"https:\/\/aluguefesta.net.br\/index.php\/wp-json\/wp\/v2\/media\/1672"}],"wp:attachment":[{"href":"https:\/\/aluguefesta.net.br\/index.php\/wp-json\/wp\/v2\/media?parent=1671"}],"curies":[{"name":"wp","href":"https:\/\/api.w.org\/{rel}","templated":true}]}}