{"id":1688,"date":"2023-08-29T14:34:25","date_gmt":"2023-08-29T17:34:25","guid":{"rendered":"https:\/\/aluguefesta.net.br\/?post_type=product&#038;p=1688"},"modified":"2025-09-19T17:13:55","modified_gmt":"2025-09-19T20:13:55","slug":"mesa-termica-fria-inox","status":"publish","type":"product","link":"https:\/\/aluguefesta.net.br\/index.php\/produto\/mesa-termica-fria-inox\/","title":{"rendered":"Mesa T\u00e9rmica FRIA INOX"},"content":{"rendered":"<div class=\"title__TitleContainer-sc-1eypgxa-0 dHYpZd\">\n<h2 class=\"title__TitleUI-sc-1eypgxa-1 cZeqMA\">informa\u00e7\u00f5es do produto<\/h2>\n<\/div>\n<div class=\"src__ContentWrapper-sc-162vcai-1 eNAcQX\">\n<div class=\"src__Content-sc-162vcai-2 cxFQiy\">\n<div class=\"src__WrapperProductInfo-sc-13f3i2j-0 dxVsxo\">\n<div class=\"src__Container-sc-13f3i2j-3 eUhMnK\">\n<div class=\"src__Description-sc-13f3i2j-2 bqnMru\">\n<p>Mesa t\u00e9rmica port\u00e1til perfeita para manter alimentos frescos e refrigerados por at\u00e9 6 horas*, sem a necessidade de energia el\u00e9trica. Seu funcionamento \u00e9 muito simples: basta retirar o tampo de Inox, depositar as\u00a0 placas de gelo gel reutiliz\u00e1vel, previamente congeladas, e acomodar novamente o tampo. Pronto! Sua pista est\u00e1 pronta para receber travessas, potes, bowls, melamina, saladeiras e pranchas com alimentos frios. *O tempo de resfriamento est\u00e1 relacionado com a temperatura do ambiente, quanto mais quente for o ambiente, mais r\u00e1pido pode ocorrer o degelo das placas de gelo gel.<\/p>\n<p>Medidas: 35 x 25 x 4 cm<\/p>\n<p>GELO-X 1000ML: 27&#215;11,5&#215;3 cm<\/p>\n<p>Dica de uso: as placas de gelo gel para utiliza\u00e7\u00e3o na mesa fria (Modelo de 1000ML), devem ser colocadas no congelador para resfriamento total e utilizadas posteriormente na mesa at\u00e9 que dissipem toda a temperatura acumulada.<br \/>\nConserva\u00e7\u00e3o de temperatura: at\u00e9 6 horas (tempo sujeito a varia\u00e7\u00e3o com as condi\u00e7\u00f5es externas do ambiente).<\/p>\n<\/div>\n<\/div>\n<\/div>\n<\/div>\n<\/div>\n","protected":false},"excerpt":{"rendered":"<div class=\"title__TitleContainer-sc-1eypgxa-0 dHYpZd\">\n<h2 class=\"title__TitleUI-sc-1eypgxa-1 cZeqMA\">informa\u00e7\u00f5es do produto<\/h2>\n<\/div>\n<div class=\"src__ContentWrapper-sc-162vcai-1 eNAcQX\">\n<div class=\"src__Content-sc-162vcai-2 cxFQiy\">\n<div class=\"src__WrapperProductInfo-sc-13f3i2j-0 dxVsxo\">\n<div class=\"src__Container-sc-13f3i2j-3 eUhMnK\">\n<div class=\"src__Description-sc-13f3i2j-2 bqnMru\">\n<p>Mesa t\u00e9rmica port\u00e1til perfeita para manter alimentos frescos e refrigerados por at\u00e9 6 horas*, sem a necessidade de energia el\u00e9trica. Seu funcionamento \u00e9 muito simples: basta retirar o tampo de Inox, depositar as 4 placas de gelo gel reutiliz\u00e1vel, previamente congeladas, e acomodar novamente o tampo. Pronto! Sua pista est\u00e1 pronta para receber travessas, potes, bowls, melamina, saladeiras e pranchas com alimentos frios. *O tempo de resfriamento est\u00e1 relacionado com a temperatura do ambiente, quanto mais quente for o ambiente, mais r\u00e1pido pode ocorrer o degelo das placas de gelo gel.<\/p>\n<p>Medidas: 50 x 30 x 4 cm<\/p>\n<p>GELO-X 1000ML: 27&#215;11,5&#215;3 cm<\/p>\n<p>Dica de uso: as placas de gelo gel para utiliza\u00e7\u00e3o na mesa fria (Modelo de 1000ML), devem ser colocadas no congelador para resfriamento total e utilizadas posteriormente na mesa at\u00e9 que dissipem toda a temperatura acumulada.<br \/>\nConserva\u00e7\u00e3o de temperatura: at\u00e9 6 horas (tempo sujeito a varia\u00e7\u00e3o com as condi\u00e7\u00f5es externas do ambiente).<\/p>\n<\/div>\n<\/div>\n<\/div>\n<\/div>\n<\/div>\n","protected":false},"featured_media":1689,"template":"","meta":[],"_links":{"self":[{"href":"https:\/\/aluguefesta.net.br\/index.php\/wp-json\/wp\/v2\/product\/1688"}],"collection":[{"href":"https:\/\/aluguefesta.net.br\/index.php\/wp-json\/wp\/v2\/product"}],"about":[{"href":"https:\/\/aluguefesta.net.br\/index.php\/wp-json\/wp\/v2\/types\/product"}],"wp:featuredmedia":[{"embeddable":true,"href":"https:\/\/aluguefesta.net.br\/index.php\/wp-json\/wp\/v2\/media\/1689"}],"wp:attachment":[{"href":"https:\/\/aluguefesta.net.br\/index.php\/wp-json\/wp\/v2\/media?parent=1688"}],"curies":[{"name":"wp","href":"https:\/\/api.w.org\/{rel}","templated":true}]}}