{"id":1737,"date":"2023-09-22T20:49:04","date_gmt":"2023-09-22T23:49:04","guid":{"rendered":"https:\/\/aluguefesta.net.br\/?post_type=product&#038;p=1737"},"modified":"2025-09-19T17:22:17","modified_gmt":"2025-09-19T20:22:17","slug":"porta-talheres-em-aco-inox","status":"publish","type":"product","link":"https:\/\/aluguefesta.net.br\/index.php\/produto\/porta-talheres-em-aco-inox\/","title":{"rendered":"Porta Talheres em A\u00e7o INOX"},"content":{"rendered":"<p>O Porta Talher Grande Vazado Em A\u00e7o Inox\u00a0 \u00e9 um item essencial para a sua cozinha.<\/p>\n<p>Com um design elegante e moderno, este porta-talheres \u00e9 feito de a\u00e7o inoxid\u00e1vel de alta qualidade, garantindo durabilidade e resist\u00eancia. Possui uma altura de 12,5 cm e uma largura de 12 cm, sendo perfeito para organizar os seus talheres de forma pr\u00e1tica e eficiente<\/p>\n","protected":false},"excerpt":{"rendered":"<p>O Porta Talher Grande Vazado Em A\u00e7o Inox \u00e9 um item essencial para a sua cozinha. Com um design elegante e moderno, este porta-talheres \u00e9 feito de a\u00e7o inoxid\u00e1vel de alta qualidade, garantindo durabilidade e resist\u00eancia. Possui uma altura de 12,5 cm e uma largura de 12 cm, sendo perfeito para organizar os seus talheres de forma pr\u00e1tica e eficiente<\/p>\n<p>&nbsp;<\/p>\n","protected":false},"featured_media":1738,"template":"","meta":[],"_links":{"self":[{"href":"https:\/\/aluguefesta.net.br\/index.php\/wp-json\/wp\/v2\/product\/1737"}],"collection":[{"href":"https:\/\/aluguefesta.net.br\/index.php\/wp-json\/wp\/v2\/product"}],"about":[{"href":"https:\/\/aluguefesta.net.br\/index.php\/wp-json\/wp\/v2\/types\/product"}],"wp:featuredmedia":[{"embeddable":true,"href":"https:\/\/aluguefesta.net.br\/index.php\/wp-json\/wp\/v2\/media\/1738"}],"wp:attachment":[{"href":"https:\/\/aluguefesta.net.br\/index.php\/wp-json\/wp\/v2\/media?parent=1737"}],"curies":[{"name":"wp","href":"https:\/\/api.w.org\/{rel}","templated":true}]}}