{"id":1761,"date":"2023-10-11T12:32:21","date_gmt":"2023-10-11T15:32:21","guid":{"rendered":"https:\/\/aluguefesta.net.br\/?post_type=product&#038;p=1761"},"modified":"2025-10-13T21:57:12","modified_gmt":"2025-10-14T00:57:12","slug":"mini-centro-de-mesa-arranjo-em-flores-naturais","status":"publish","type":"product","link":"https:\/\/aluguefesta.net.br\/index.php\/produto\/mini-centro-de-mesa-arranjo-em-flores-naturais\/","title":{"rendered":"MINI centro de mesa Arranjo em flores naturais"},"content":{"rendered":"<p>ARRANJO EM FLORES NATURAIS DO CAMPO E ESTA\u00c7\u00c3O<\/p>\n<p>CLIENTE ESCOLHE AS COMBINA\u00c7\u00d5ES DE AT\u00c9 4 CORES<\/p>\n<p>VALOR REFERE-SE A 1 UNIDADE<\/p>\n<p>PEDIDO M\u00cdNIMO DE 10 UNIDADES (SE SOMENTE OS MINI) OU 6 UNIDADES SE PEDIDO JUNTO DE OUTROS ARRANJOS.<\/p>\n","protected":false},"excerpt":{"rendered":"<p>ARRANJO EM FLORES NATURAIS DO CAMPO E ESTA\u00c7\u00c3O<\/p>\n<p>CLIENTE ESCOLHE AS COMBINA\u00c7\u00d5ES DE AT\u00c9 4 CORES<\/p>\n<p>VALOR REFERE-SE A 1 UNIDADE<\/p>\n","protected":false},"featured_media":1762,"template":"","meta":[],"_links":{"self":[{"href":"https:\/\/aluguefesta.net.br\/index.php\/wp-json\/wp\/v2\/product\/1761"}],"collection":[{"href":"https:\/\/aluguefesta.net.br\/index.php\/wp-json\/wp\/v2\/product"}],"about":[{"href":"https:\/\/aluguefesta.net.br\/index.php\/wp-json\/wp\/v2\/types\/product"}],"wp:featuredmedia":[{"embeddable":true,"href":"https:\/\/aluguefesta.net.br\/index.php\/wp-json\/wp\/v2\/media\/1762"}],"wp:attachment":[{"href":"https:\/\/aluguefesta.net.br\/index.php\/wp-json\/wp\/v2\/media?parent=1761"}],"curies":[{"name":"wp","href":"https:\/\/api.w.org\/{rel}","templated":true}]}}