{"id":1812,"date":"2023-11-10T12:13:28","date_gmt":"2023-11-10T15:13:28","guid":{"rendered":"https:\/\/aluguefesta.net.br\/?post_type=product&#038;p=1812"},"modified":"2026-01-14T13:17:56","modified_gmt":"2026-01-14T16:17:56","slug":"faca-de-mesa-inox-2-linha","status":"publish","type":"product","link":"https:\/\/aluguefesta.net.br\/index.php\/produto\/faca-de-mesa-inox-2-linha\/","title":{"rendered":"Faca de Mesa Inox 2 linha Orient"},"content":{"rendered":"<p><strong>Material:<\/strong>\u00a0Inox<\/p>\n<p>Medidas: Espessura 1mm Comprimento: 20 cm<\/p>\n","protected":false},"excerpt":{"rendered":"<p>A Faca de Churrasco Oriente Original Steel GT2122\/SL0161D \u00e9 a escolha perfeita para quem valoriza precis\u00e3o e desempenho no corte. Com design robusto e l\u00e2mina afiada, ela garante cortes limpos e eficientes, sendo indispens\u00e1vel em momentos de confraterniza\u00e7\u00e3o. Ideal para churrascos, carnes assadas ou grelhadas, une qualidade, resist\u00eancia e estilo em um \u00fanico utens\u00edlio.<\/p>\n","protected":false},"featured_media":4183,"template":"","meta":[],"_links":{"self":[{"href":"https:\/\/aluguefesta.net.br\/index.php\/wp-json\/wp\/v2\/product\/1812"}],"collection":[{"href":"https:\/\/aluguefesta.net.br\/index.php\/wp-json\/wp\/v2\/product"}],"about":[{"href":"https:\/\/aluguefesta.net.br\/index.php\/wp-json\/wp\/v2\/types\/product"}],"wp:featuredmedia":[{"embeddable":true,"href":"https:\/\/aluguefesta.net.br\/index.php\/wp-json\/wp\/v2\/media\/4183"}],"wp:attachment":[{"href":"https:\/\/aluguefesta.net.br\/index.php\/wp-json\/wp\/v2\/media?parent=1812"}],"curies":[{"name":"wp","href":"https:\/\/api.w.org\/{rel}","templated":true}]}}