{"id":1817,"date":"2023-11-14T00:12:39","date_gmt":"2023-11-14T03:12:39","guid":{"rendered":"https:\/\/aluguefesta.net.br\/?post_type=product&#038;p=1817"},"modified":"2026-01-06T02:16:16","modified_gmt":"2026-01-06T05:16:16","slug":"prato-branco-refeicao-hotel-luxo","status":"publish","type":"product","link":"https:\/\/aluguefesta.net.br\/index.php\/produto\/prato-branco-refeicao-hotel-luxo\/","title":{"rendered":"Prato Branco REFEI\u00c7\u00c3O Hotel Luxo"},"content":{"rendered":"<p>Ideal para : ALMO\u00c7O\/JANTAR<\/p>\n<p>Cer\u00e2mica<\/p>\n<p>Tam :25 cm<\/p>\n<p>&nbsp;<\/p>\n<p>&nbsp;<\/p>\n","protected":false},"excerpt":{"rendered":"<p>Ideal para : ALMO\u00c7O\/JANTAR<\/p>\n<p>Cer\u00e2mica<\/p>\n<p>Tam :25 cm<\/p>\n","protected":false},"featured_media":1818,"template":"","meta":[],"_links":{"self":[{"href":"https:\/\/aluguefesta.net.br\/index.php\/wp-json\/wp\/v2\/product\/1817"}],"collection":[{"href":"https:\/\/aluguefesta.net.br\/index.php\/wp-json\/wp\/v2\/product"}],"about":[{"href":"https:\/\/aluguefesta.net.br\/index.php\/wp-json\/wp\/v2\/types\/product"}],"wp:featuredmedia":[{"embeddable":true,"href":"https:\/\/aluguefesta.net.br\/index.php\/wp-json\/wp\/v2\/media\/1818"}],"wp:attachment":[{"href":"https:\/\/aluguefesta.net.br\/index.php\/wp-json\/wp\/v2\/media?parent=1817"}],"curies":[{"name":"wp","href":"https:\/\/api.w.org\/{rel}","templated":true}]}}