{"id":1824,"date":"2023-11-14T14:26:44","date_gmt":"2023-11-14T17:26:44","guid":{"rendered":"https:\/\/aluguefesta.net.br\/?post_type=product&#038;p=1824"},"modified":"2025-11-07T18:08:18","modified_gmt":"2025-11-07T21:08:18","slug":"kit-suporte-de-balde-de-inox-arienzo-balde-inox","status":"publish","type":"product","link":"https:\/\/aluguefesta.net.br\/index.php\/produto\/kit-suporte-de-balde-de-inox-arienzo-balde-inox\/","title":{"rendered":"KIT Suporte de Balde de Inox Arienzo + Balde Inox"},"content":{"rendered":"<h4>Suporte Inox para Balde de Gelo &#8211; Brinox<\/h4>\n<p>A mesa est\u00e1 pronta e voc\u00ea n\u00e3o sabe onde colocar o balde com gelo para as bebidas? O suporte para balde da linha Arienzo resolve esse dilema com praticidade e eleg\u00e2ncia. Com ele, voc\u00ea pode colocar o balde onde for mais pr\u00e1tico para o seu jantar ou recep\u00e7\u00e3o. O modelo \u00e9 feito em a\u00e7o inox, um material resistente e f\u00e1cil de limpar, e tem 60,5x20cm de dimens\u00e3o.<\/p>\n<p>&nbsp;<\/p>\n<h4>Balde de Gelo &#8211; Bohemia<\/h4>\n<p>balde 5 litros inox bohemia<\/p>\n","protected":false},"excerpt":{"rendered":"<h4>Suporte Inox para Balde de Gelo &#8211; Brinox<\/h4>\n<p>A mesa est\u00e1 pronta e voc\u00ea n\u00e3o sabe onde colocar o balde com gelo para as bebidas? O suporte para balde da linha Arienzo resolve esse dilema com praticidade e eleg\u00e2ncia. Com ele, voc\u00ea pode colocar o balde onde for mais pr\u00e1tico para o seu jantar ou recep\u00e7\u00e3o. O modelo \u00e9 feito em a\u00e7o inox, um material resistente e f\u00e1cil de limpar, e tem 60,5x20cm de dimens\u00e3o.<\/p>\n","protected":false},"featured_media":1566,"template":"","meta":[],"_links":{"self":[{"href":"https:\/\/aluguefesta.net.br\/index.php\/wp-json\/wp\/v2\/product\/1824"}],"collection":[{"href":"https:\/\/aluguefesta.net.br\/index.php\/wp-json\/wp\/v2\/product"}],"about":[{"href":"https:\/\/aluguefesta.net.br\/index.php\/wp-json\/wp\/v2\/types\/product"}],"wp:featuredmedia":[{"embeddable":true,"href":"https:\/\/aluguefesta.net.br\/index.php\/wp-json\/wp\/v2\/media\/1566"}],"wp:attachment":[{"href":"https:\/\/aluguefesta.net.br\/index.php\/wp-json\/wp\/v2\/media?parent=1824"}],"curies":[{"name":"wp","href":"https:\/\/api.w.org\/{rel}","templated":true}]}}