{"id":1839,"date":"2023-11-21T20:48:53","date_gmt":"2023-11-21T23:48:53","guid":{"rendered":"https:\/\/aluguefesta.net.br\/?post_type=product&#038;p=1839"},"modified":"2023-11-21T20:50:30","modified_gmt":"2023-11-21T23:50:30","slug":"servico-2h-de-atuacao-arrumacao-de-decoracao-mesa-de-convidados","status":"publish","type":"product","link":"https:\/\/aluguefesta.net.br\/index.php\/produto\/servico-2h-de-atuacao-arrumacao-de-decoracao-mesa-de-convidados\/","title":{"rendered":"Servi\u00e7o &#8211; 2h de atua\u00e7\u00e3o &#8211; Arruma\u00e7\u00e3o de decora\u00e7\u00e3o &#8211; mesa de convidados."},"content":{"rendered":"<p>N\u00e3o\u00a0 inclui posicionar m\u00f3veis.<\/p>\n","protected":false},"excerpt":{"rendered":"<p>N\u00e3o\u00a0 inclui posicionar m\u00f3veis.<\/p>\n","protected":false},"featured_media":86,"template":"","meta":[],"_links":{"self":[{"href":"https:\/\/aluguefesta.net.br\/index.php\/wp-json\/wp\/v2\/product\/1839"}],"collection":[{"href":"https:\/\/aluguefesta.net.br\/index.php\/wp-json\/wp\/v2\/product"}],"about":[{"href":"https:\/\/aluguefesta.net.br\/index.php\/wp-json\/wp\/v2\/types\/product"}],"wp:featuredmedia":[{"embeddable":true,"href":"https:\/\/aluguefesta.net.br\/index.php\/wp-json\/wp\/v2\/media\/86"}],"wp:attachment":[{"href":"https:\/\/aluguefesta.net.br\/index.php\/wp-json\/wp\/v2\/media?parent=1839"}],"curies":[{"name":"wp","href":"https:\/\/api.w.org\/{rel}","templated":true}]}}