{"id":1858,"date":"2023-11-27T12:30:04","date_gmt":"2023-11-27T15:30:04","guid":{"rendered":"https:\/\/aluguefesta.net.br\/?post_type=product&#038;p=1858"},"modified":"2025-10-03T12:38:58","modified_gmt":"2025-10-03T15:38:58","slug":"vaso-luxo-pp-wolf","status":"publish","type":"product","link":"https:\/\/aluguefesta.net.br\/index.php\/produto\/vaso-luxo-pp-wolf\/","title":{"rendered":"Vaso Luxo PP wolf"},"content":{"rendered":"<p>Vaso de vidro<\/p>\n<p>Medida 15cm<\/p>\n<p>Lindo vaso de vidro, medindo 15 cm, indicado para decora\u00e7\u00e3o, para v\u00e1rios tipos de ornamenta\u00e7\u00f5es.<\/p>\n<p>&nbsp;<\/p>\n<p>APENAS 10 UNIDADES NO ESTOQUE DISPONIVEL PARA LOCA\u00c7AO !<\/p>\n","protected":false},"excerpt":{"rendered":"<p>Vaso de vidro<\/p>\n<p>Medida 24 cm<\/p>\n<p>Lindo vaso de vidro, medindo 24 cm, indicado para decora\u00e7\u00e3o, para v\u00e1rios tipos de ornamenta\u00e7\u00f5es.<\/p>\n","protected":false},"featured_media":1859,"template":"","meta":[],"_links":{"self":[{"href":"https:\/\/aluguefesta.net.br\/index.php\/wp-json\/wp\/v2\/product\/1858"}],"collection":[{"href":"https:\/\/aluguefesta.net.br\/index.php\/wp-json\/wp\/v2\/product"}],"about":[{"href":"https:\/\/aluguefesta.net.br\/index.php\/wp-json\/wp\/v2\/types\/product"}],"wp:featuredmedia":[{"embeddable":true,"href":"https:\/\/aluguefesta.net.br\/index.php\/wp-json\/wp\/v2\/media\/1859"}],"wp:attachment":[{"href":"https:\/\/aluguefesta.net.br\/index.php\/wp-json\/wp\/v2\/media?parent=1858"}],"curies":[{"name":"wp","href":"https:\/\/api.w.org\/{rel}","templated":true}]}}